{"id":1334,"date":"2025-07-01T11:56:48","date_gmt":"2025-07-01T11:56:48","guid":{"rendered":"https:\/\/ojk-costablanca.com\/de\/?page_id=1334"},"modified":"2025-07-01T11:56:49","modified_gmt":"2025-07-01T11:56:49","slug":"cookie-richtlinie","status":"publish","type":"page","link":"https:\/\/ojk-costablanca.com\/de\/cookie-richtlinie\/","title":{"rendered":"Cookie-Richtlinie"},"content":{"rendered":"\n<h2 class=\"wp-block-heading\">1. Was sind Cookies?<\/h2>\n\n\n\n<p>Cookies sind Dateien, die auf Ihren Computer heruntergeladen werden, wenn Sie bestimmte Webseiten besuchen. Cookies erm\u00f6glichen es einer Webseite unter anderem, Informationen \u00fcber die Surfgewohnheiten eines Benutzers oder seines Ger\u00e4ts zu speichern und abzurufen. Abh\u00e4ngig von den enthaltenen Informationen und der Art und Weise, wie das Ger\u00e4t verwendet wird, k\u00f6nnen sie zur Wiedererkennung des Benutzers verwendet werden.<\/p>\n\n\n\n<h2 class=\"wp-block-heading\">2. Arten von verwendeten Cookies<\/h2>\n\n\n\n<p>Die Webseite <a class=\"\" href=\"https:\/\/ojk-costablanca.com\">https:\/\/ojk-costablanca.com<\/a> verwendet folgende Arten von Cookies:<\/p>\n\n\n\n<h3 class=\"wp-block-heading\"><strong>Technische oder notwendige Cookies<\/strong><\/h3>\n\n\n\n<p>Diese erm\u00f6glichen dem Benutzer die Navigation auf einer Webseite sowie die Nutzung der verschiedenen Optionen oder Dienste, die darauf existieren, einschlie\u00dflich solcher, die zur Verwaltung und zum Betrieb der Webseite erforderlich sind.<\/p>\n\n\n\n<h3 class=\"wp-block-heading\"><strong>Analyse-Cookies<\/strong><\/h3>\n\n\n\n<p>Diese werden von uns oder Dritten verwendet, um die Anzahl der Benutzer zu quantifizieren und so die Nutzung des angebotenen Dienstes statistisch auszuwerten. Hierf\u00fcr wird Ihr Surfverhalten auf unserer Webseite analysiert, um unser Angebot an Produkten oder Dienstleistungen zu verbessern.<\/p>\n\n\n\n<h3 class=\"wp-block-heading\"><strong>Personalisierungs-Cookies (falls zutreffend)<\/strong><\/h3>\n\n\n\n<p>Diese erm\u00f6glichen es dem Benutzer, auf den Dienst mit bestimmten vordefinierten allgemeinen Merkmalen zuzugreifen, basierend auf einer Reihe von Kriterien im Endger\u00e4t des Benutzers, wie beispielsweise Spracheinstellungen.<\/p>\n\n\n\n<h3 class=\"wp-block-heading\"><strong>Werbe- oder Marketing-Cookies (falls in Zukunft implementiert)<\/strong><\/h3>\n\n\n\n<p>Diese speichern Informationen \u00fcber das Surfverhalten der Benutzer, die durch kontinuierliche Beobachtung ihrer Surfgewohnheiten gewonnen werden. Dies erm\u00f6glicht die Entwicklung eines spezifischen Profils, um darauf basierende Werbung anzuzeigen.<\/p>\n\n\n\n<h2 class=\"wp-block-heading\">3. Cookies von Drittanbietern<\/h2>\n\n\n\n<p>Diese Webseite nutzt Analyse-Dienste von Google (Google Analytics) und Meta (Facebook Pixel), die Informationen f\u00fcr statistische und werbliche Zwecke sammeln. Diese Cookies werden vollst\u00e4ndig von den jeweiligen Anbietern verwaltet.<\/p>\n\n\n\n<p>Weitere Informationen zu ihren Richtlinien:<\/p>\n\n\n\n<ul class=\"wp-block-list\">\n<li><strong>Google Analytics:<\/strong> <a>https:\/\/policies.google.com\/privacy<\/a><\/li>\n\n\n\n<li><strong>Facebook Pixel:<\/strong> <a class=\"\" href=\"https:\/\/www.facebook.com\/policies\/cookies\/\" target=\"_blank\" rel=\"noopener\">https:\/\/www.facebook.com\/policies\/cookies\/<\/a><\/li>\n<\/ul>\n\n\n\n<h2 class=\"wp-block-heading\">4. Zustimmung und Verwaltung von Cookies<\/h2>\n\n\n\n<p>Beim Zugriff auf unsere Webseite wird ein Cookie-Hinweis angezeigt, der Ihnen die M\u00f6glichkeit gibt, die Installation von Cookies zu akzeptieren oder abzulehnen sowie zu konfigurieren, welche Cookies Sie zulassen m\u00f6chten.<\/p>\n\n\n\n<p>Der Benutzer kann die auf seinem Ger\u00e4t installierten Cookies auch \u00fcber die Browsereinstellungen verwalten:<\/p>\n\n\n\n<ul class=\"wp-block-list\">\n<li><strong>Chrome:<\/strong> Einstellungen > Datenschutz und Sicherheit > Cookies und andere Websitedaten<\/li>\n\n\n\n<li><strong>Firefox:<\/strong> Einstellungen > Datenschutz &amp; Sicherheit > Cookies und Website-Daten<\/li>\n\n\n\n<li><strong>Safari:<\/strong> Einstellungen > Datenschutz > Website-Daten verwalten<\/li>\n\n\n\n<li><strong>Edge:<\/strong> Einstellungen > Cookies und Websiteberechtigungen<\/li>\n<\/ul>\n\n\n\n<p>Bei Fragen zu dieser Cookie-Richtlinie k\u00f6nnen Sie uns unter <strong><a>oliver@ojk-costablanca.com<\/a><\/strong> kontaktieren.<\/p>\n\n\n\n<h2 class=\"wp-block-heading\">5. Aktualisierung der Cookie-Richtlinie<\/h2>\n\n\n\n<p>Diese Cookie-Richtlinie kann aufgrund gesetzlicher Anforderungen oder zur Anpassung an Anweisungen der spanischen Datenschutzbeh\u00f6rde (AEPD) ge\u00e4ndert werden. Daher wird den Benutzern empfohlen, sie regelm\u00e4\u00dfig zu \u00fcberpr\u00fcfen.<\/p>\n","protected":false},"excerpt":{"rendered":"<p>1. Was sind Cookies? Cookies sind Dateien, die auf Ihren Computer heruntergeladen werden, wenn Sie bestimmte Webseiten besuchen. Cookies erm\u00f6glichen es einer Webseite unter anderem, Informationen \u00fcber die Surfgewohnheiten eines Benutzers oder seines Ger\u00e4ts zu speichern und abzurufen. Abh\u00e4ngig von den enthaltenen Informationen und der Art und Weise, wie das Ger\u00e4t verwendet wird, k\u00f6nnen sie [&hellip;]<\/p>\n","protected":false},"author":1,"featured_media":0,"parent":0,"menu_order":0,"comment_status":"closed","ping_status":"closed","template":"","meta":{"footnotes":""},"class_list":["post-1334","page","type-page","status-publish","hentry"],"_links":{"self":[{"href":"https:\/\/ojk-costablanca.com\/de\/wp-json\/wp\/v2\/pages\/1334","targetHints":{"allow":["GET"]}}],"collection":[{"href":"https:\/\/ojk-costablanca.com\/de\/wp-json\/wp\/v2\/pages"}],"about":[{"href":"https:\/\/ojk-costablanca.com\/de\/wp-json\/wp\/v2\/types\/page"}],"author":[{"embeddable":true,"href":"https:\/\/ojk-costablanca.com\/de\/wp-json\/wp\/v2\/users\/1"}],"replies":[{"embeddable":true,"href":"https:\/\/ojk-costablanca.com\/de\/wp-json\/wp\/v2\/comments?post=1334"}],"version-history":[{"count":2,"href":"https:\/\/ojk-costablanca.com\/de\/wp-json\/wp\/v2\/pages\/1334\/revisions"}],"predecessor-version":[{"id":1336,"href":"https:\/\/ojk-costablanca.com\/de\/wp-json\/wp\/v2\/pages\/1334\/revisions\/1336"}],"wp:attachment":[{"href":"https:\/\/ojk-costablanca.com\/de\/wp-json\/wp\/v2\/media?parent=1334"}],"curies":[{"name":"wp","href":"https:\/\/api.w.org\/{rel}","templated":true}]}}