{"id":1337,"date":"2025-07-01T11:58:13","date_gmt":"2025-07-01T11:58:13","guid":{"rendered":"https:\/\/ojk-costablanca.com\/de\/?page_id=1337"},"modified":"2025-07-01T11:58:14","modified_gmt":"2025-07-01T11:58:14","slug":"datenschutzerklaerung","status":"publish","type":"page","link":"https:\/\/ojk-costablanca.com\/de\/datenschutzerklaerung\/","title":{"rendered":"Datenschutzerkl\u00e4rung"},"content":{"rendered":"\n<h2 class=\"wp-block-heading\">1. Verantwortlicher f\u00fcr die Datenverarbeitung<\/h2>\n\n\n\n<ul class=\"wp-block-list\">\n<li><strong>Verantwortlicher:<\/strong> OLIVER J. KLAUS SERVICE &amp; CONSULTING, SL<\/li>\n\n\n\n<li><strong>NIF:<\/strong> B19766724<\/li>\n\n\n\n<li><strong>Anschrift:<\/strong> Carrer Marqu\u00e9s de Campo, n\u00ba16, piso 1 puerta 7 \u2013 03700 D\u00e9nia (Alicante), Spanien<\/li>\n\n\n\n<li><strong>Telefon:<\/strong> +34 650 946 623 \/ +34 966 044 828<\/li>\n\n\n\n<li><strong>E-Mail:<\/strong> <a>oliver@ojk-costablanca.com<\/a><\/li>\n\n\n\n<li><strong>Webseite:<\/strong> <a class=\"\" href=\"https:\/\/ojk-costablanca.com\">https:\/\/ojk-costablanca.com<\/a><\/li>\n<\/ul>\n\n\n\n<h2 class=\"wp-block-heading\">2. Zweck der Verarbeitung<\/h2>\n\n\n\n<p>Wir verarbeiten personenbezogene Daten der betroffenen Personen zu folgenden Zwecken:<\/p>\n\n\n\n<ul class=\"wp-block-list\">\n<li>Bearbeitung und Beantwortung von Anfragen, die \u00fcber das Kontaktformular der Webseite eingehen<\/li>\n\n\n\n<li>Erbringung der von Kunden beauftragten Dienstleistungen<\/li>\n\n\n\n<li>Administrative, buchhalterische und steuerliche Verwaltung im Zusammenhang mit den angeforderten Dienstleistungen<\/li>\n\n\n\n<li>Zusendung kommerzieller Mitteilungen zu unseren Dienstleistungen (nur mit vorheriger Zustimmung)<\/li>\n<\/ul>\n\n\n\n<h2 class=\"wp-block-heading\">3. Rechtsgrundlage der Verarbeitung<\/h2>\n\n\n\n<p>Die Rechtsgrundlage f\u00fcr die Verarbeitung Ihrer Daten ist:<\/p>\n\n\n\n<ul class=\"wp-block-list\">\n<li><strong>Vertragserf\u00fcllung:<\/strong> Erbringung der angeforderten Dienstleistungen<\/li>\n\n\n\n<li><strong>Einwilligung der betroffenen Person:<\/strong> Zusendung von Kontaktformularen oder Newslettern<\/li>\n\n\n\n<li><strong>Erf\u00fcllung rechtlicher Verpflichtungen:<\/strong> Steuer-, Handels- und Datenschutzvorschriften<\/li>\n<\/ul>\n\n\n\n<h2 class=\"wp-block-heading\">4. Empf\u00e4nger<\/h2>\n\n\n\n<p>Eine Weitergabe von Daten an Dritte erfolgt nicht, es sei denn, es besteht eine gesetzliche Verpflichtung oder sie ist f\u00fcr die Erbringung der Dienstleistung erforderlich (z. B. Steuerberater oder Hosting-Dienstleister mit entsprechender Geheimhaltungsvereinbarung).<\/p>\n\n\n\n<h2 class=\"wp-block-heading\">5. Internationale Daten\u00fcbermittlungen<\/h2>\n\n\n\n<p>Es werden keine internationalen Daten\u00fcbermittlungen vorgenommen. Sollten diese in Zukunft erforderlich sein, werden die gem\u00e4\u00df DSGVO vorgeschriebenen Garantien implementiert.<\/p>\n\n\n\n<h2 class=\"wp-block-heading\">6. Dauer der Datenspeicherung<\/h2>\n\n\n\n<p>Personenbezogene Daten werden aufbewahrt:<\/p>\n\n\n\n<ul class=\"wp-block-list\">\n<li>Solange eine Vertragsbeziehung besteht und keine L\u00f6schung beantragt wird<\/li>\n\n\n\n<li>W\u00e4hrend der zur Erf\u00fcllung gesetzlicher Verpflichtungen erforderlichen Jahre (z. B. steuerrechtliche Aufbewahrungspflichten)<\/li>\n\n\n\n<li>Daten, die f\u00fcr Anfragen oder Newsletter-Abonnements \u00fcbermittelt werden, werden nach Erreichung des Zwecks gel\u00f6scht, es sei denn, es entsteht eine Vertragsbeziehung oder eine ausdr\u00fcckliche Zustimmung f\u00fcr zuk\u00fcnftige Zusendungen<\/li>\n<\/ul>\n\n\n\n<h2 class=\"wp-block-heading\">7. Rechte der betroffenen Personen<\/h2>\n\n\n\n<p>Betroffene Personen haben das Recht:<\/p>\n\n\n\n<ul class=\"wp-block-list\">\n<li>Eine Best\u00e4tigung dar\u00fcber zu erhalten, ob OLIVER J. KLAUS SERVICE &amp; CONSULTING, SL ihre personenbezogenen Daten verarbeitet<\/li>\n\n\n\n<li>Zugang zu ihren personenbezogenen Daten zu erhalten<\/li>\n\n\n\n<li>Die Berichtigung unrichtiger Daten zu verlangen<\/li>\n\n\n\n<li>Die L\u00f6schung der Daten zu verlangen, wenn diese f\u00fcr die Zwecke, f\u00fcr die sie erhoben wurden, nicht mehr erforderlich sind<\/li>\n\n\n\n<li>Die Einschr\u00e4nkung der Verarbeitung zu verlangen<\/li>\n\n\n\n<li>Der Verarbeitung zu widersprechen<\/li>\n\n\n\n<li>Die \u00dcbertragbarkeit ihrer Daten zu verlangen<\/li>\n<\/ul>\n\n\n\n<p>Zur Aus\u00fcbung dieser Rechte senden Sie bitte eine E-Mail an <strong><a>oliver@ojk-costablanca.com<\/a><\/strong>, unter Beif\u00fcgung einer Kopie Ihres Personalausweises oder eines gleichwertigen Ausweisdokuments.<\/p>\n\n\n\n<h2 class=\"wp-block-heading\">8. Beschwerderecht bei der Aufsichtsbeh\u00f6rde<\/h2>\n\n\n\n<p>Wenn Sie der Ansicht sind, dass wir Ihre Rechte nicht ordnungsgem\u00e4\u00df gewahrt haben, k\u00f6nnen Sie eine Beschwerde bei der spanischen Datenschutzbeh\u00f6rde (Agencia Espa\u00f1ola de Protecci\u00f3n de Datos, <a class=\"\" href=\"http:\/\/www.aepd.es\" target=\"_blank\" rel=\"noopener\">www.aepd.es<\/a>) einreichen.<\/p>\n\n\n\n<h2 class=\"wp-block-heading\">9. Sicherheitsma\u00dfnahmen<\/h2>\n\n\n\n<p>OLIVER J. KLAUS SERVICE &amp; CONSULTING, SL wendet die gesetzlich vorgeschriebenen Sicherheitsma\u00dfnahmen zum Schutz personenbezogener Daten an und bem\u00fcht sich, zus\u00e4tzliche technische Ma\u00dfnahmen zu installieren, um den Verlust, Missbrauch, die Ver\u00e4nderung, den unbefugten Zugriff oder Diebstahl der bereitgestellten Daten zu verhindern.<\/p>\n","protected":false},"excerpt":{"rendered":"<p>1. Verantwortlicher f\u00fcr die Datenverarbeitung 2. Zweck der Verarbeitung Wir verarbeiten personenbezogene Daten der betroffenen Personen zu folgenden Zwecken: 3. Rechtsgrundlage der Verarbeitung Die Rechtsgrundlage f\u00fcr die Verarbeitung Ihrer Daten ist: 4. Empf\u00e4nger Eine Weitergabe von Daten an Dritte erfolgt nicht, es sei denn, es besteht eine gesetzliche Verpflichtung oder sie ist f\u00fcr die Erbringung [&hellip;]<\/p>\n","protected":false},"author":1,"featured_media":0,"parent":0,"menu_order":0,"comment_status":"closed","ping_status":"closed","template":"","meta":{"footnotes":""},"class_list":["post-1337","page","type-page","status-publish","hentry"],"_links":{"self":[{"href":"https:\/\/ojk-costablanca.com\/de\/wp-json\/wp\/v2\/pages\/1337","targetHints":{"allow":["GET"]}}],"collection":[{"href":"https:\/\/ojk-costablanca.com\/de\/wp-json\/wp\/v2\/pages"}],"about":[{"href":"https:\/\/ojk-costablanca.com\/de\/wp-json\/wp\/v2\/types\/page"}],"author":[{"embeddable":true,"href":"https:\/\/ojk-costablanca.com\/de\/wp-json\/wp\/v2\/users\/1"}],"replies":[{"embeddable":true,"href":"https:\/\/ojk-costablanca.com\/de\/wp-json\/wp\/v2\/comments?post=1337"}],"version-history":[{"count":2,"href":"https:\/\/ojk-costablanca.com\/de\/wp-json\/wp\/v2\/pages\/1337\/revisions"}],"predecessor-version":[{"id":1339,"href":"https:\/\/ojk-costablanca.com\/de\/wp-json\/wp\/v2\/pages\/1337\/revisions\/1339"}],"wp:attachment":[{"href":"https:\/\/ojk-costablanca.com\/de\/wp-json\/wp\/v2\/media?parent=1337"}],"curies":[{"name":"wp","href":"https:\/\/api.w.org\/{rel}","templated":true}]}}