{"id":1340,"date":"2025-07-01T12:00:00","date_gmt":"2025-07-01T12:00:00","guid":{"rendered":"https:\/\/ojk-costablanca.com\/de\/?page_id=1340"},"modified":"2025-07-01T12:00:01","modified_gmt":"2025-07-01T12:00:01","slug":"impressum","status":"publish","type":"page","link":"https:\/\/ojk-costablanca.com\/de\/impressum\/","title":{"rendered":"Impressum"},"content":{"rendered":"\n<h2 class=\"wp-block-heading\">Angaben gem\u00e4\u00df \u00a7 5 TMG<\/h2>\n\n\n\n<ul class=\"wp-block-list\">\n<li><strong>Unternehmen:<\/strong> OLIVER J. KLAUS SERVICE &amp; CONSULTING, SL<\/li>\n\n\n\n<li><strong>NIF:<\/strong> B19766724<\/li>\n\n\n\n<li><strong>Anschrift:<\/strong> Carrer Marqu\u00e9s de Campo, n\u00ba16, piso 1 puerta 7 \u2013 03700 D\u00e9nia (Alicante), Spanien<\/li>\n\n\n\n<li><strong>Telefon:<\/strong> +34 650 946 623 \/ +34 966 044 828<\/li>\n\n\n\n<li><strong>E-Mail:<\/strong> <a>oliver@ojk-costablanca.com<\/a><\/li>\n\n\n\n<li><strong>Webseite:<\/strong> <a class=\"\" href=\"https:\/\/ojk-costablanca.com\">https:\/\/ojk-costablanca.com<\/a><\/li>\n<\/ul>\n\n\n\n<h2 class=\"wp-block-heading\">Verantwortlich f\u00fcr den Inhalt nach \u00a7 55 Abs. 2 RStV<\/h2>\n\n\n\n<p>OLIVER J. KLAUS SERVICE &amp; CONSULTING, SL<\/p>\n\n\n\n<h2 class=\"wp-block-heading\">Gewerbeanmeldung<\/h2>\n\n\n\n<p>OLIVER J. KLAUS SERVICE &amp; CONSULTING, SL ist ordnungsgem\u00e4\u00df eingetragen im Handelsregister von Alicante (Spanien).<\/p>\n\n\n\n<h2 class=\"wp-block-heading\">Haftungsausschluss<\/h2>\n\n\n\n<h3 class=\"wp-block-heading\"><strong>Haftung f\u00fcr Inhalte<\/strong><\/h3>\n\n\n\n<p>Die Inhalte unserer Seiten wurden mit gr\u00f6\u00dfter Sorgfalt erstellt. F\u00fcr die Richtigkeit, Vollst\u00e4ndigkeit und Aktualit\u00e4t der Inhalte k\u00f6nnen wir jedoch keine Gew\u00e4hr \u00fcbernehmen. Als Diensteanbieter sind wir gem\u00e4\u00df \u00a7\u00a7 8 bis 10 TMG nicht verpflichtet, \u00fcbermittelte oder gespeicherte fremde Informationen zu \u00fcberwachen oder nach Umst\u00e4nden zu forschen, die auf eine rechtswidrige T\u00e4tigkeit hinweisen.<\/p>\n\n\n\n<h3 class=\"wp-block-heading\"><strong>Haftung f\u00fcr Links<\/strong><\/h3>\n\n\n\n<p>Unser Angebot enth\u00e4lt Links zu externen Websites Dritter, auf deren Inhalte wir keinen Einfluss haben. Deshalb k\u00f6nnen wir f\u00fcr diese fremden Inhalte auch keine Gew\u00e4hr \u00fcbernehmen. F\u00fcr die Inhalte der verlinkten Seiten ist stets der jeweilige Anbieter oder Betreiber der Seiten verantwortlich.<\/p>\n\n\n\n<h3 class=\"wp-block-heading\"><strong>Urheberrecht<\/strong><\/h3>\n\n\n\n<p>Die durch die Seitenbetreiber erstellten Inhalte und Werke auf diesen Seiten unterliegen dem spanischen Urheberrecht. Beitr\u00e4ge Dritter sind als solche gekennzeichnet. Die Vervielf\u00e4ltigung, Bearbeitung, Verbreitung und jede Art der Verwertung au\u00dferhalb der Grenzen des Urheberrechtes bed\u00fcrfen der schriftlichen Zustimmung des jeweiligen Autors bzw. Erstellers.<\/p>\n\n\n\n<h2 class=\"wp-block-heading\">Datenschutz<\/h2>\n\n\n\n<p>Bitte beachten Sie unsere <strong><a class=\"\" href=\"#\">Datenschutzerkl\u00e4rung<\/a><\/strong> f\u00fcr Informationen \u00fcber Erhebung und Verarbeitung personenbezogener Daten.<\/p>\n","protected":false},"excerpt":{"rendered":"<p>Angaben gem\u00e4\u00df \u00a7 5 TMG Verantwortlich f\u00fcr den Inhalt nach \u00a7 55 Abs. 2 RStV OLIVER J. KLAUS SERVICE &amp; CONSULTING, SL Gewerbeanmeldung OLIVER J. KLAUS SERVICE &amp; CONSULTING, SL ist ordnungsgem\u00e4\u00df eingetragen im Handelsregister von Alicante (Spanien). Haftungsausschluss Haftung f\u00fcr Inhalte Die Inhalte unserer Seiten wurden mit gr\u00f6\u00dfter Sorgfalt erstellt. F\u00fcr die Richtigkeit, Vollst\u00e4ndigkeit [&hellip;]<\/p>\n","protected":false},"author":1,"featured_media":0,"parent":0,"menu_order":0,"comment_status":"closed","ping_status":"closed","template":"","meta":{"footnotes":""},"class_list":["post-1340","page","type-page","status-publish","hentry"],"_links":{"self":[{"href":"https:\/\/ojk-costablanca.com\/de\/wp-json\/wp\/v2\/pages\/1340","targetHints":{"allow":["GET"]}}],"collection":[{"href":"https:\/\/ojk-costablanca.com\/de\/wp-json\/wp\/v2\/pages"}],"about":[{"href":"https:\/\/ojk-costablanca.com\/de\/wp-json\/wp\/v2\/types\/page"}],"author":[{"embeddable":true,"href":"https:\/\/ojk-costablanca.com\/de\/wp-json\/wp\/v2\/users\/1"}],"replies":[{"embeddable":true,"href":"https:\/\/ojk-costablanca.com\/de\/wp-json\/wp\/v2\/comments?post=1340"}],"version-history":[{"count":2,"href":"https:\/\/ojk-costablanca.com\/de\/wp-json\/wp\/v2\/pages\/1340\/revisions"}],"predecessor-version":[{"id":1342,"href":"https:\/\/ojk-costablanca.com\/de\/wp-json\/wp\/v2\/pages\/1340\/revisions\/1342"}],"wp:attachment":[{"href":"https:\/\/ojk-costablanca.com\/de\/wp-json\/wp\/v2\/media?parent=1340"}],"curies":[{"name":"wp","href":"https:\/\/api.w.org\/{rel}","templated":true}]}}