{"id":579,"date":"2024-09-20T14:50:59","date_gmt":"2024-09-20T14:50:59","guid":{"rendered":"https:\/\/ojk-costablanca.com\/de\/?page_id=579"},"modified":"2025-01-27T07:52:47","modified_gmt":"2025-01-27T07:52:47","slug":"uber-mich","status":"publish","type":"page","link":"https:\/\/ojk-costablanca.com\/de\/uber-mich\/","title":{"rendered":"\u00dcBER MICH"},"content":{"rendered":"\t\t<div data-elementor-type=\"wp-page\" data-elementor-id=\"579\" class=\"elementor elementor-579\" data-elementor-post-type=\"page\">\n\t\t\t\t<div class=\"elementor-element elementor-element-7eef5de e-flex e-con-boxed e-con e-parent\" data-id=\"7eef5de\" data-element_type=\"container\" data-e-type=\"container\">\n\t\t\t\t\t<div class=\"e-con-inner\">\n\t\t<div class=\"elementor-element elementor-element-bbc448e e-con-full e-flex e-con e-child\" data-id=\"bbc448e\" data-element_type=\"container\" data-e-type=\"container\">\n\t\t\t\t<div class=\"elementor-element elementor-element-a41fa81 elementor-widget elementor-widget-heading\" data-id=\"a41fa81\" data-element_type=\"widget\" data-e-type=\"widget\" data-widget_type=\"heading.default\">\n\t\t\t\t<div class=\"elementor-widget-container\">\n\t\t\t\t\t<h2 class=\"elementor-heading-title elementor-size-default\">Oliver Josef KLAUS<\/h2>\t\t\t\t<\/div>\n\t\t\t\t<\/div>\n\t\t\t\t<div class=\"elementor-element elementor-element-8dfc99c elementor-widget elementor-widget-heading\" data-id=\"8dfc99c\" data-element_type=\"widget\" data-e-type=\"widget\" data-widget_type=\"heading.default\">\n\t\t\t\t<div class=\"elementor-widget-container\">\n\t\t\t\t\t<h2 class=\"elementor-heading-title elementor-size-default\">Berufsprofil<\/h2>\t\t\t\t<\/div>\n\t\t\t\t<\/div>\n\t\t\t\t<div class=\"elementor-element elementor-element-aadc6ca elementor-widget elementor-widget-text-editor\" data-id=\"aadc6ca\" data-element_type=\"widget\" data-e-type=\"widget\" data-widget_type=\"text-editor.default\">\n\t\t\t\t<div class=\"elementor-widget-container\">\n\t\t\t\t\t\t\t\t\t<p>Seit 2002 bin ich im Immobilienbereich t\u00e4tig und habe viele Jahre Erfahrung in der Bau- sowie internationalen Verkaufsbranche gesammelt. Mit dem Ziel, maximale Sicherheit bei Immobilientransaktionen f\u00fcr internationale und nationale Kunden zu gew\u00e4hrleisten, habe ich beschlossen, einen einzigartigen Service ins Leben zu rufen.<\/p><p>Aus dieser Vision entstand mein Unternehmen \u2013 ein Projekt, das Erfahrung, Leidenschaft und ein tiefes Marktverst\u00e4ndnis vereint.<\/p><h3><strong>Meine Mission<\/strong><\/h3><p>Ganz einfach: Ich m\u00f6chte die vertrauensw\u00fcrdige Anlaufstelle f\u00fcr Investoren, Verk\u00e4ufer und K\u00e4ufer an der n\u00f6rdlichen Costa Blanca sein, mit besonderem Fokus auf die Region Marina Alta (Denia).<\/p><p>Ich biete weit mehr als die Dienstleistungen einer herk\u00f6mmlichen Immobilienagentur: eine ganzheitliche Beratung mit ma\u00dfgeschneiderten L\u00f6sungen und ein umfangreiches Netzwerk an Partnern innerhalb und au\u00dferhalb der Branche.<\/p><p>In einer sich st\u00e4ndig wandelnden Welt bilden meine Werte \u2013 Transparenz, Effizienz und Kundenorientierung \u2013 das Herzst\u00fcck meines Engagements. Diese Werte gew\u00e4hrleisten, dass jede Transaktion erfolgreich und sorgenfrei durchgef\u00fchrt wird.<\/p>\t\t\t\t\t\t\t\t<\/div>\n\t\t\t\t<\/div>\n\t\t\t\t<\/div>\n\t\t<div class=\"elementor-element elementor-element-4d956f1 e-con-full e-flex e-con e-child\" data-id=\"4d956f1\" data-element_type=\"container\" data-e-type=\"container\">\n\t\t\t\t<div class=\"elementor-element elementor-element-6e939a3 elementor-widget elementor-widget-image\" data-id=\"6e939a3\" data-element_type=\"widget\" data-e-type=\"widget\" data-widget_type=\"image.default\">\n\t\t\t\t<div class=\"elementor-widget-container\">\n\t\t\t\t\t\t\t\t\t\t\t\t\t\t\t<img fetchpriority=\"high\" decoding=\"async\" width=\"451\" height=\"553\" src=\"https:\/\/ojk-costablanca.com\/de\/wp-content\/uploads\/sites\/5\/2024\/09\/Oliver_J._Klaus.png\" class=\"attachment-large size-large wp-image-589\" alt=\"Oliver_J._Klaus\" srcset=\"https:\/\/ojk-costablanca.com\/de\/wp-content\/uploads\/sites\/5\/2024\/09\/Oliver_J._Klaus.png 451w, https:\/\/ojk-costablanca.com\/de\/wp-content\/uploads\/sites\/5\/2024\/09\/Oliver_J._Klaus-245x300.png 245w\" sizes=\"(max-width: 451px) 100vw, 451px\" \/>\t\t\t\t\t\t\t\t\t\t\t\t\t\t\t<\/div>\n\t\t\t\t<\/div>\n\t\t\t\t<\/div>\n\t\t\t\t\t<\/div>\n\t\t\t\t<\/div>\n\t\t<div class=\"elementor-element elementor-element-66d9644 e-flex e-con-boxed e-con e-parent\" data-id=\"66d9644\" data-element_type=\"container\" data-e-type=\"container\">\n\t\t\t\t\t<div class=\"e-con-inner\">\n\t\t\t\t\t<\/div>\n\t\t\t\t<\/div>\n\t\t\t\t<\/div>\n\t\t","protected":false},"excerpt":{"rendered":"<p>Oliver Josef KLAUS Berufsprofil Seit 2002 bin ich im Immobilienbereich t\u00e4tig und habe viele Jahre Erfahrung in der Bau- sowie internationalen Verkaufsbranche gesammelt. Mit dem Ziel, maximale Sicherheit bei Immobilientransaktionen f\u00fcr internationale und nationale Kunden zu gew\u00e4hrleisten, habe ich beschlossen, einen einzigartigen Service ins Leben zu rufen. Aus dieser Vision entstand mein Unternehmen \u2013 ein [&hellip;]<\/p>\n","protected":false},"author":1,"featured_media":0,"parent":0,"menu_order":0,"comment_status":"closed","ping_status":"closed","template":"","meta":{"footnotes":""},"class_list":["post-579","page","type-page","status-publish","hentry"],"_links":{"self":[{"href":"https:\/\/ojk-costablanca.com\/de\/wp-json\/wp\/v2\/pages\/579","targetHints":{"allow":["GET"]}}],"collection":[{"href":"https:\/\/ojk-costablanca.com\/de\/wp-json\/wp\/v2\/pages"}],"about":[{"href":"https:\/\/ojk-costablanca.com\/de\/wp-json\/wp\/v2\/types\/page"}],"author":[{"embeddable":true,"href":"https:\/\/ojk-costablanca.com\/de\/wp-json\/wp\/v2\/users\/1"}],"replies":[{"embeddable":true,"href":"https:\/\/ojk-costablanca.com\/de\/wp-json\/wp\/v2\/comments?post=579"}],"version-history":[{"count":26,"href":"https:\/\/ojk-costablanca.com\/de\/wp-json\/wp\/v2\/pages\/579\/revisions"}],"predecessor-version":[{"id":1300,"href":"https:\/\/ojk-costablanca.com\/de\/wp-json\/wp\/v2\/pages\/579\/revisions\/1300"}],"wp:attachment":[{"href":"https:\/\/ojk-costablanca.com\/de\/wp-json\/wp\/v2\/media?parent=579"}],"curies":[{"name":"wp","href":"https:\/\/api.w.org\/{rel}","templated":true}]}}