{"id":651,"date":"2024-09-21T06:48:31","date_gmt":"2024-09-21T06:48:31","guid":{"rendered":"https:\/\/ojk-costablanca.com\/de\/?page_id=651"},"modified":"2025-05-23T09:03:02","modified_gmt":"2025-05-23T09:03:02","slug":"kontakt","status":"publish","type":"page","link":"https:\/\/ojk-costablanca.com\/de\/kontakt\/","title":{"rendered":"KONTAKT"},"content":{"rendered":"\t\t<div data-elementor-type=\"wp-page\" data-elementor-id=\"651\" class=\"elementor elementor-651\" data-elementor-post-type=\"page\">\n\t\t\t\t<div class=\"elementor-element elementor-element-0635c1b e-flex e-con-boxed e-con e-parent\" data-id=\"0635c1b\" data-element_type=\"container\" data-e-type=\"container\">\n\t\t\t\t\t<div class=\"e-con-inner\">\n\t\t\t\t<div class=\"elementor-element elementor-element-d958782 elementor-widget elementor-widget-heading\" data-id=\"d958782\" data-element_type=\"widget\" data-e-type=\"widget\" data-widget_type=\"heading.default\">\n\t\t\t\t<div class=\"elementor-widget-container\">\n\t\t\t\t\t<h2 class=\"elementor-heading-title elementor-size-default\">Haben Sie Fragen oder Unklarheiten?<\/h2>\t\t\t\t<\/div>\n\t\t\t\t<\/div>\n\t\t\t\t\t<\/div>\n\t\t\t\t<\/div>\n\t\t<div class=\"elementor-element elementor-element-065bd15 e-flex e-con-boxed e-con e-parent\" data-id=\"065bd15\" data-element_type=\"container\" data-e-type=\"container\">\n\t\t\t\t\t<div class=\"e-con-inner\">\n\t\t<div class=\"elementor-element elementor-element-80851f0 e-con-full e-flex e-con e-child\" data-id=\"80851f0\" data-element_type=\"container\" data-e-type=\"container\">\n\t\t\t\t<div class=\"elementor-element elementor-element-64fbfb1 elementor-widget elementor-widget-text-editor\" data-id=\"64fbfb1\" data-element_type=\"widget\" data-e-type=\"widget\" data-widget_type=\"text-editor.default\">\n\t\t\t\t<div class=\"elementor-widget-container\">\n\t\t\t\t\t\t\t\t\t<p>Falls Sie Fragen haben oder weitere Informationen ben\u00f6tigen, stehe ich Ihnen gerne f\u00fcr eine pers\u00f6nliche Beratung zur Verf\u00fcgung. F\u00fcllen Sie einfach das Kontaktformular aus, und ich werde Ihnen umgehend antworten, um alle L\u00f6sungen und Kl\u00e4rungen bereitzustellen, die Sie ben\u00f6tigen. Jede Anfrage ist mir wichtig, und ich verpflichte mich, Ihnen eine pers\u00f6nliche und professionelle Betreuung zu bieten, damit Sie die beste Option finden. Ich bin hier, um Ihnen zu helfen!<\/p>\t\t\t\t\t\t\t\t<\/div>\n\t\t\t\t<\/div>\n\t\t\t\t<div class=\"elementor-element elementor-element-4f57647 elementor-button-align-stretch elementor-widget elementor-widget-form\" data-id=\"4f57647\" data-element_type=\"widget\" data-e-type=\"widget\" data-settings=\"{&quot;step_next_label&quot;:&quot;Next&quot;,&quot;step_previous_label&quot;:&quot;Previous&quot;,&quot;button_width&quot;:&quot;100&quot;,&quot;step_type&quot;:&quot;number_text&quot;,&quot;step_icon_shape&quot;:&quot;circle&quot;}\" data-widget_type=\"form.default\">\n\t\t\t\t<div class=\"elementor-widget-container\">\n\t\t\t\t\t\t\t<form class=\"elementor-form\" method=\"post\" >\n\t\t\t<input type=\"hidden\" name=\"post_id\" value=\"651\"\/>\n\t\t\t<input type=\"hidden\" name=\"form_id\" value=\"4f57647\"\/>\n\t\t\t<input type=\"hidden\" name=\"referer_title\" value=\"\" \/>\n\n\t\t\t\n\t\t\t<div class=\"elementor-form-fields-wrapper elementor-labels-above\">\n\t\t\t\t\t\t\t\t<div class=\"elementor-field-type-text elementor-field-group elementor-column elementor-field-group-name elementor-col-100 elementor-field-required\">\n\t\t\t\t\t\t\t\t\t\t\t\t\t<input size=\"1\" type=\"text\" name=\"form_fields[name]\" id=\"form-field-name\" class=\"elementor-field elementor-size-sm  elementor-field-textual\" placeholder=\"Name\" required=\"required\">\n\t\t\t\t\t\t\t\t\t\t\t<\/div>\n\t\t\t\t\t\t\t\t<div class=\"elementor-field-type-tel elementor-field-group elementor-column elementor-field-group-field_fab20f1 elementor-col-100\">\n\t\t\t\t\t\t\t<input size=\"1\" type=\"tel\" name=\"form_fields[field_fab20f1]\" id=\"form-field-field_fab20f1\" class=\"elementor-field elementor-size-sm  elementor-field-textual\" placeholder=\"Telefon\" pattern=\"[0-9()#&amp;+*-=.]+\" title=\"Only numbers and phone characters (#, -, *, etc) are accepted.\">\n\n\t\t\t\t\t\t<\/div>\n\t\t\t\t\t\t\t\t<div class=\"elementor-field-type-email elementor-field-group elementor-column elementor-field-group-field_dc8f78a elementor-col-100 elementor-field-required\">\n\t\t\t\t\t\t\t\t\t\t\t\t\t<input size=\"1\" type=\"email\" name=\"form_fields[field_dc8f78a]\" id=\"form-field-field_dc8f78a\" class=\"elementor-field elementor-size-sm  elementor-field-textual\" placeholder=\"E-Mail\" required=\"required\">\n\t\t\t\t\t\t\t\t\t\t\t<\/div>\n\t\t\t\t\t\t\t\t<div class=\"elementor-field-type-textarea elementor-field-group elementor-column elementor-field-group-message elementor-col-100\">\n\t\t\t\t\t<textarea class=\"elementor-field-textual elementor-field  elementor-size-sm\" name=\"form_fields[message]\" id=\"form-field-message\" rows=\"4\" placeholder=\"Schreiben Sie Ihre Nachricht\"><\/textarea>\t\t\t\t<\/div>\n\t\t\t\t\t\t\t\t<div class=\"elementor-field-group elementor-column elementor-field-type-submit elementor-col-100 e-form__buttons\">\n\t\t\t\t\t<button class=\"elementor-button elementor-size-sm elementor-animation-grow\" type=\"submit\">\n\t\t\t\t\t\t<span class=\"elementor-button-content-wrapper\">\n\t\t\t\t\t\t\t\t\t\t\t\t\t\t\t\t\t\t\t\t\t\t<span class=\"elementor-button-text\">Senden<\/span>\n\t\t\t\t\t\t\t\t\t\t\t\t\t<\/span>\n\t\t\t\t\t<\/button>\n\t\t\t\t<\/div>\n\t\t\t<\/div>\n\t\t<\/form>\n\t\t\t\t\t\t<\/div>\n\t\t\t\t<\/div>\n\t\t\t\t<\/div>\n\t\t<div class=\"elementor-element elementor-element-b90b787 e-con-full e-flex e-con e-child\" data-id=\"b90b787\" data-element_type=\"container\" data-e-type=\"container\">\n\t\t\t\t<div class=\"elementor-element elementor-element-e8ea337 elementor-widget elementor-widget-text-editor\" data-id=\"e8ea337\" data-element_type=\"widget\" data-e-type=\"widget\" data-widget_type=\"text-editor.default\">\n\t\t\t\t<div class=\"elementor-widget-container\">\n\t\t\t\t\t\t\t\t\t<div class=\"row\"><div class=\"col-12 col-xl-4 px-0\"><div class=\"sidebar pt-4\"><div class=\"property-contact\"><div class=\"property-sidebar-heading\"><p class=\"text-4 text-color-dark\">\u00a0<\/p><\/div><div class=\"property-sidebar-body\"><div class=\"property-agent\"><div class=\"property-agent-photo pr-3 pr-md-4\"><picture><source srcset=\"https:\/\/ojk-costablanca.com\/de\/wp-content\/uploads\/2024\/09\/Oliver_J._Klaus.png\" type=\"image\/webp\" \/><img width=\"200\" height=\"168\" \/><\/picture><\/div><div class=\"property-agent-contact-info\"><div class=\"property-agent-name text-color-dark\">Oliver J. Klaus<\/div><div class=\"property-agent-phone\"><a class=\"text-color-dark\" href=\"tel:0034650946623\">+34 650 946 623<\/a><\/div><div><a class=\"text-color-dark\" href=\"tel:0034966044828\">+34 966 044 828<\/a><\/div><div class=\"property-agent-email\"><a class=\"text-color-dark\" href=\"mailto:oliver@ojk-costablanca.com\">oliver@ojk-costablanca.com<\/a><\/div><\/div><\/div><div class=\"property-sidebar-rectangle-buttons mt-5 mb-4\"><div class=\"row\"><div class=\"col-12\"><a class=\"btn btn-dark btn-icon-right justify-content-center\" href=\"https:\/\/wa.me\/+34650946623?text=Hola Oliver, tengo alguna duda y quisiera m\u00e1s informaci\u00f3n sobre un servicio\" target=\"_blank\" rel=\"nofollow noopener\" aria-label=\"Hablar por WhatsApp\">WhatsApp<\/a><\/div><\/div><\/div><\/div><\/div><\/div><\/div><\/div><div class=\"row\"><div class=\"col-12 col-xl-12 px-0 position-relative\"><div id=\"related-properties\" class=\"p-4 p-lg-5\">\u00a0<\/div><\/div><\/div>\t\t\t\t\t\t\t\t<\/div>\n\t\t\t\t<\/div>\n\t\t\t\t<\/div>\n\t\t\t\t\t<\/div>\n\t\t\t\t<\/div>\n\t\t\t\t<\/div>\n\t\t","protected":false},"excerpt":{"rendered":"<p>Haben Sie Fragen oder Unklarheiten? Falls Sie Fragen haben oder weitere Informationen ben\u00f6tigen, stehe ich Ihnen gerne f\u00fcr eine pers\u00f6nliche Beratung zur Verf\u00fcgung. F\u00fcllen Sie einfach das Kontaktformular aus, und ich werde Ihnen umgehend antworten, um alle L\u00f6sungen und Kl\u00e4rungen bereitzustellen, die Sie ben\u00f6tigen. Jede Anfrage ist mir wichtig, und ich verpflichte mich, Ihnen eine [&hellip;]<\/p>\n","protected":false},"author":1,"featured_media":0,"parent":0,"menu_order":0,"comment_status":"closed","ping_status":"closed","template":"","meta":{"footnotes":""},"class_list":["post-651","page","type-page","status-publish","hentry"],"_links":{"self":[{"href":"https:\/\/ojk-costablanca.com\/de\/wp-json\/wp\/v2\/pages\/651","targetHints":{"allow":["GET"]}}],"collection":[{"href":"https:\/\/ojk-costablanca.com\/de\/wp-json\/wp\/v2\/pages"}],"about":[{"href":"https:\/\/ojk-costablanca.com\/de\/wp-json\/wp\/v2\/types\/page"}],"author":[{"embeddable":true,"href":"https:\/\/ojk-costablanca.com\/de\/wp-json\/wp\/v2\/users\/1"}],"replies":[{"embeddable":true,"href":"https:\/\/ojk-costablanca.com\/de\/wp-json\/wp\/v2\/comments?post=651"}],"version-history":[{"count":19,"href":"https:\/\/ojk-costablanca.com\/de\/wp-json\/wp\/v2\/pages\/651\/revisions"}],"predecessor-version":[{"id":1320,"href":"https:\/\/ojk-costablanca.com\/de\/wp-json\/wp\/v2\/pages\/651\/revisions\/1320"}],"wp:attachment":[{"href":"https:\/\/ojk-costablanca.com\/de\/wp-json\/wp\/v2\/media?parent=651"}],"curies":[{"name":"wp","href":"https:\/\/api.w.org\/{rel}","templated":true}]}}