{"id":670,"date":"2024-09-21T07:04:43","date_gmt":"2024-09-21T07:04:43","guid":{"rendered":"https:\/\/ojk-costablanca.com\/de\/?page_id=670"},"modified":"2025-05-23T09:06:26","modified_gmt":"2025-05-23T09:06:26","slug":"wartung","status":"publish","type":"page","link":"https:\/\/ojk-costablanca.com\/de\/wartung\/","title":{"rendered":"WARTUNG"},"content":{"rendered":"\t\t<div data-elementor-type=\"wp-page\" data-elementor-id=\"670\" class=\"elementor elementor-670\" data-elementor-post-type=\"page\">\n\t\t\t\t<div class=\"elementor-element elementor-element-04cc098 e-con-full e-flex e-con e-parent\" data-id=\"04cc098\" data-element_type=\"container\" data-e-type=\"container\" data-settings=\"{&quot;background_background&quot;:&quot;classic&quot;}\">\n\t\t\t\t<div class=\"elementor-element elementor-element-4b58fd1 elementor-widget elementor-widget-heading\" data-id=\"4b58fd1\" data-element_type=\"widget\" data-e-type=\"widget\" data-widget_type=\"heading.default\">\n\t\t\t\t<div class=\"elementor-widget-container\">\n\t\t\t\t\t<h1 class=\"elementor-heading-title elementor-size-default\">Hauswartungsdienste f\u00fcr <span style=\"color:gold\"> Ihr Zuhause <\/span><\/h1>\t\t\t\t<\/div>\n\t\t\t\t<\/div>\n\t\t\t\t<\/div>\n\t\t<div class=\"elementor-element elementor-element-0c3cf05 e-flex e-con-boxed e-con e-parent\" data-id=\"0c3cf05\" data-element_type=\"container\" data-e-type=\"container\">\n\t\t\t\t\t<div class=\"e-con-inner\">\n\t\t\t\t<div class=\"elementor-element elementor-element-eb2bbc3 elementor-widget elementor-widget-text-editor\" data-id=\"eb2bbc3\" data-element_type=\"widget\" data-e-type=\"widget\" data-widget_type=\"text-editor.default\">\n\t\t\t\t<div class=\"elementor-widget-container\">\n\t\t\t\t\t\t\t\t\t<p>Ich bin <strong>Oliver J. Klaus<\/strong> und spezialisiert darauf, alle Dienstleistungen zu organisieren, die Ihr Zuhause ben\u00f6tigt. Von Reparaturen und Wartungsarbeiten bis hin zu individuellen Verbesserungen k\u00fcmmere ich mich um jedes Detail, um sicherzustellen, dass die Arbeiten mit h\u00f6chster Qualit\u00e4t und termingerecht ausgef\u00fchrt werden. Mein Ziel ist es, Ihnen eine unkomplizierte Erfahrung zu bieten, die genau auf Ihre Bed\u00fcrfnisse zugeschnitten ist, und Ihnen ganzheitliche L\u00f6sungen anzubieten. Jedes Projekt wird pers\u00f6nlich und professionell betreut, um Ergebnisse zu liefern, die Ihren Erwartungen entsprechen. Vertrauen Sie mir, Ihr Zuhause mit Engagement und Hingabe zu pflegen!<\/p>\t\t\t\t\t\t\t\t<\/div>\n\t\t\t\t<\/div>\n\t\t\t\t\t<\/div>\n\t\t\t\t<\/div>\n\t\t<div class=\"elementor-element elementor-element-6b684ec e-flex e-con-boxed e-con e-parent\" data-id=\"6b684ec\" data-element_type=\"container\" data-e-type=\"container\">\n\t\t\t\t\t<div class=\"e-con-inner\">\n\t\t<div class=\"elementor-element elementor-element-77e30de e-con-full e-flex e-con e-child\" data-id=\"77e30de\" data-element_type=\"container\" data-e-type=\"container\" data-settings=\"{&quot;background_background&quot;:&quot;classic&quot;}\">\n\t\t\t\t<\/div>\n\t\t<div class=\"elementor-element elementor-element-48b488a e-con-full e-flex e-con e-child\" data-id=\"48b488a\" data-element_type=\"container\" data-e-type=\"container\">\n\t\t\t\t<div class=\"elementor-element elementor-element-02fd945 elementor-widget elementor-widget-text-editor\" data-id=\"02fd945\" data-element_type=\"widget\" data-e-type=\"widget\" data-widget_type=\"text-editor.default\">\n\t\t\t\t<div class=\"elementor-widget-container\">\n\t\t\t\t\t\t\t\t\t<p><strong>Gartenpflege<\/strong><br \/>Wir arbeiten mit erstklassigen Gartenbauprofis zusammen, um das Umfeld Ihrer Immobilie in den Garten Ihrer Tr\u00e4ume zu verwandeln.<\/p><p>Sobald der Garten so gestaltet ist, wie Sie ihn sich immer gew\u00fcnscht haben, unterst\u00fctzen wir Sie mit einer regelm\u00e4\u00dfigen Pflege das ganze Jahr \u00fcber. Dazu geh\u00f6ren Reinigungsarbeiten, Baumschnitt, Pflege von Palmen, D\u00fcngung und die Kontrolle des Bew\u00e4sserungssystems. Sie brauchen sich um nichts zu k\u00fcmmern.<\/p>\t\t\t\t\t\t\t\t<\/div>\n\t\t\t\t<\/div>\n\t\t\t\t<\/div>\n\t\t\t\t\t<\/div>\n\t\t\t\t<\/div>\n\t\t<div class=\"elementor-element elementor-element-59d93ca e-flex e-con-boxed e-con e-parent\" data-id=\"59d93ca\" data-element_type=\"container\" data-e-type=\"container\">\n\t\t\t\t\t<div class=\"e-con-inner\">\n\t\t<div class=\"elementor-element elementor-element-f433634 e-con-full e-flex e-con e-child\" data-id=\"f433634\" data-element_type=\"container\" data-e-type=\"container\">\n\t\t\t\t<div class=\"elementor-element elementor-element-bde3367 elementor-widget elementor-widget-text-editor\" data-id=\"bde3367\" data-element_type=\"widget\" data-e-type=\"widget\" id=\"plagas\" data-widget_type=\"text-editor.default\">\n\t\t\t\t<div class=\"elementor-widget-container\">\n\t\t\t\t\t\t\t\t\t<p><strong>Poolwartung<\/strong><br \/>Fragen Sie sich, ob das Wasser in Ihrem Pool noch in einwandfreiem Zustand ist, wenn Sie in den Urlaub kommen?<\/p><p>W\u00fcnschen Sie sich, dass Ihr Pool das ganze Jahr \u00fcber sauber und gepflegt bleibt?<\/p><p>Kein Problem \u2013 unsere erfahrenen Fachleute k\u00fcmmern sich um die Wasserqualit\u00e4t, halten die Chemie im Gleichgewicht und sorgen daf\u00fcr, dass Ihr Pool wie am ersten Tag gl\u00e4nzt.<\/p>\t\t\t\t\t\t\t\t<\/div>\n\t\t\t\t<\/div>\n\t\t\t\t<\/div>\n\t\t<div class=\"elementor-element elementor-element-f03936b e-con-full e-flex e-con e-child\" data-id=\"f03936b\" data-element_type=\"container\" data-e-type=\"container\" data-settings=\"{&quot;background_background&quot;:&quot;classic&quot;}\">\n\t\t\t\t<\/div>\n\t\t\t\t\t<\/div>\n\t\t\t\t<\/div>\n\t\t<div class=\"elementor-element elementor-element-3871846 e-flex e-con-boxed e-con e-parent\" data-id=\"3871846\" data-element_type=\"container\" data-e-type=\"container\">\n\t\t\t\t\t<div class=\"e-con-inner\">\n\t\t<div class=\"elementor-element elementor-element-dd6e898 e-con-full e-flex e-con e-child\" data-id=\"dd6e898\" data-element_type=\"container\" data-e-type=\"container\" data-settings=\"{&quot;background_background&quot;:&quot;classic&quot;}\">\n\t\t\t\t<\/div>\n\t\t<div class=\"elementor-element elementor-element-4909935 e-con-full e-flex e-con e-child\" data-id=\"4909935\" data-element_type=\"container\" data-e-type=\"container\">\n\t\t\t\t<div class=\"elementor-element elementor-element-0102b3a elementor-widget elementor-widget-text-editor\" data-id=\"0102b3a\" data-element_type=\"widget\" data-e-type=\"widget\" data-widget_type=\"text-editor.default\">\n\t\t\t\t<div class=\"elementor-widget-container\">\n\t\t\t\t\t\t\t\t\t<p><strong>Sch\u00e4dlingsbek\u00e4mpfung<br \/><\/strong><br \/>Ich arbeite mit Spezialisten f\u00fcr Sch\u00e4dlingspr\u00e4vention und -bek\u00e4mpfung vor Ort zusammen. Diese verf\u00fcgen \u00fcber die erforderlichen Zertifikate, um die notwendigen Ma\u00dfnahmen zur Sch\u00e4dlingsbek\u00e4mpfung durchzuf\u00fchren.<\/p><p>Sie besuchen Ihr Zuhause, um Sch\u00e4dlinge zu lokalisieren, zu identifizieren und zu beseitigen. Sagen Sie Kakerlaken, Ameisen oder Termiten Lebewohl!<\/p>\t\t\t\t\t\t\t\t<\/div>\n\t\t\t\t<\/div>\n\t\t\t\t<\/div>\n\t\t\t\t\t<\/div>\n\t\t\t\t<\/div>\n\t\t<div class=\"elementor-element elementor-element-7bb3cd1 e-flex e-con-boxed e-con e-parent\" data-id=\"7bb3cd1\" data-element_type=\"container\" data-e-type=\"container\">\n\t\t\t\t\t<div class=\"e-con-inner\">\n\t\t<div class=\"elementor-element elementor-element-dd71054 e-con-full e-flex e-con e-child\" data-id=\"dd71054\" data-element_type=\"container\" data-e-type=\"container\">\n\t\t\t\t<div class=\"elementor-element elementor-element-3280637 elementor-widget elementor-widget-text-editor\" data-id=\"3280637\" data-element_type=\"widget\" data-e-type=\"widget\" data-widget_type=\"text-editor.default\">\n\t\t\t\t<div class=\"elementor-widget-container\">\n\t\t\t\t\t\t\t\t\t<p><strong>Reinigungsservice<br \/><\/strong><br \/>Kommen Sie nach drei Monaten wieder nach Hause und m\u00f6chten nicht direkt mit dem Putzen anfangen? Wir haben die perfekte L\u00f6sung: Unser Reinigungsservice hinterl\u00e4sst Ihr Zuhause gl\u00e4nzend sauber und in perfektem Zustand.<\/p><p>Ben\u00f6tigen Sie eine gr\u00fcndliche Reinigung f\u00fcr ein Haus, das Sie gerade gekauft haben? Wir organisieren ein Team, das Ihr neues Zuhause makellos vorbereitet.<\/p><p>M\u00fcssen Sie ein Haus r\u00e4umen lassen? Wir stellen ein Team zusammen, das sich auf diesen Service spezialisiert hat.<\/p><p>M\u00f6chten Sie Vorh\u00e4nge, Sofas oder Bettw\u00e4sche reinigen lassen? Kein Problem \u2013 wir organisieren alles f\u00fcr Sie, und wenn Sie nach Hause kommen, ist alles wie neu!<\/p>\t\t\t\t\t\t\t\t<\/div>\n\t\t\t\t<\/div>\n\t\t\t\t<\/div>\n\t\t<div class=\"elementor-element elementor-element-67de8f8 e-con-full e-flex e-con e-child\" data-id=\"67de8f8\" data-element_type=\"container\" data-e-type=\"container\" data-settings=\"{&quot;background_background&quot;:&quot;classic&quot;}\">\n\t\t\t\t<\/div>\n\t\t\t\t\t<\/div>\n\t\t\t\t<\/div>\n\t\t<div class=\"elementor-element elementor-element-6d762db e-flex e-con-boxed e-con e-parent\" data-id=\"6d762db\" data-element_type=\"container\" data-e-type=\"container\">\n\t\t\t\t\t<div class=\"e-con-inner\">\n\t\t<div class=\"elementor-element elementor-element-6b2d7e8 e-con-full e-flex e-con e-child\" data-id=\"6b2d7e8\" data-element_type=\"container\" data-e-type=\"container\" data-settings=\"{&quot;background_background&quot;:&quot;classic&quot;}\">\n\t\t\t\t<\/div>\n\t\t<div class=\"elementor-element elementor-element-25e5b04 e-con-full e-flex e-con e-child\" data-id=\"25e5b04\" data-element_type=\"container\" data-e-type=\"container\">\n\t\t\t\t<div class=\"elementor-element elementor-element-38401ee elementor-widget elementor-widget-text-editor\" data-id=\"38401ee\" data-element_type=\"widget\" data-e-type=\"widget\" data-widget_type=\"text-editor.default\">\n\t\t\t\t<div class=\"elementor-widget-container\">\n\t\t\t\t\t\t\t\t\t<p><strong>Netzwerk von Fachkr\u00e4ften<br \/><\/strong><br \/>Wir arbeiten eng mit Fachleuten aus verschiedenen Bereichen zusammen. M\u00f6chten Sie eine K\u00fcche umbauen? Ben\u00f6tigen Sie neue Haushaltsger\u00e4te? Suchen Sie einen Elektriker oder Klempner?<\/p><p>Sagen Sie uns einfach Bescheid \u2013 wir k\u00fcmmern uns um den Rest! Schneller und zuverl\u00e4ssiger Service von Fachleuten aus der Region.<\/p>\t\t\t\t\t\t\t\t<\/div>\n\t\t\t\t<\/div>\n\t\t\t\t<\/div>\n\t\t\t\t\t<\/div>\n\t\t\t\t<\/div>\n\t\t<div class=\"elementor-element elementor-element-3d6a9b0 e-flex e-con-boxed e-con e-parent\" data-id=\"3d6a9b0\" data-element_type=\"container\" data-e-type=\"container\">\n\t\t\t\t\t<div class=\"e-con-inner\">\n\t\t<div class=\"elementor-element elementor-element-3258597 e-con-full e-flex e-con e-child\" data-id=\"3258597\" data-element_type=\"container\" data-e-type=\"container\">\n\t\t\t\t<div class=\"elementor-element elementor-element-a4dc94d elementor-widget elementor-widget-heading\" data-id=\"a4dc94d\" data-element_type=\"widget\" data-e-type=\"widget\" data-widget_type=\"heading.default\">\n\t\t\t\t<div class=\"elementor-widget-container\">\n\t\t\t\t\t<h2 class=\"elementor-heading-title elementor-size-default\">Lass uns reden<\/h2>\t\t\t\t<\/div>\n\t\t\t\t<\/div>\n\t\t\t\t<div class=\"elementor-element elementor-element-82523bd elementor-button-align-stretch elementor-widget elementor-widget-form\" data-id=\"82523bd\" data-element_type=\"widget\" data-e-type=\"widget\" data-settings=\"{&quot;step_next_label&quot;:&quot;Next&quot;,&quot;step_previous_label&quot;:&quot;Previous&quot;,&quot;button_width&quot;:&quot;100&quot;,&quot;step_type&quot;:&quot;number_text&quot;,&quot;step_icon_shape&quot;:&quot;circle&quot;}\" data-widget_type=\"form.default\">\n\t\t\t\t<div class=\"elementor-widget-container\">\n\t\t\t\t\t\t\t<form class=\"elementor-form\" method=\"post\" >\n\t\t\t<input type=\"hidden\" name=\"post_id\" value=\"670\"\/>\n\t\t\t<input type=\"hidden\" name=\"form_id\" value=\"82523bd\"\/>\n\t\t\t<input type=\"hidden\" name=\"referer_title\" value=\"\" \/>\n\n\t\t\t\n\t\t\t<div class=\"elementor-form-fields-wrapper elementor-labels-above\">\n\t\t\t\t\t\t\t\t<div class=\"elementor-field-type-text elementor-field-group elementor-column elementor-field-group-name elementor-col-100 elementor-field-required\">\n\t\t\t\t\t\t\t\t\t\t\t\t\t<input size=\"1\" type=\"text\" name=\"form_fields[name]\" id=\"form-field-name\" class=\"elementor-field elementor-size-sm  elementor-field-textual\" placeholder=\"Name\" required=\"required\">\n\t\t\t\t\t\t\t\t\t\t\t<\/div>\n\t\t\t\t\t\t\t\t<div class=\"elementor-field-type-tel elementor-field-group elementor-column elementor-field-group-field_fab20f1 elementor-col-100\">\n\t\t\t\t\t\t\t<input size=\"1\" type=\"tel\" name=\"form_fields[field_fab20f1]\" id=\"form-field-field_fab20f1\" class=\"elementor-field elementor-size-sm  elementor-field-textual\" placeholder=\"Telefon\" pattern=\"[0-9()#&amp;+*-=.]+\" title=\"Only numbers and phone characters (#, -, *, etc) are accepted.\">\n\n\t\t\t\t\t\t<\/div>\n\t\t\t\t\t\t\t\t<div class=\"elementor-field-type-email elementor-field-group elementor-column elementor-field-group-field_dc8f78a elementor-col-100 elementor-field-required\">\n\t\t\t\t\t\t\t\t\t\t\t\t\t<input size=\"1\" type=\"email\" name=\"form_fields[field_dc8f78a]\" id=\"form-field-field_dc8f78a\" class=\"elementor-field elementor-size-sm  elementor-field-textual\" placeholder=\"E-Mail\" required=\"required\">\n\t\t\t\t\t\t\t\t\t\t\t<\/div>\n\t\t\t\t\t\t\t\t<div class=\"elementor-field-type-textarea elementor-field-group elementor-column elementor-field-group-message elementor-col-100\">\n\t\t\t\t\t<textarea class=\"elementor-field-textual elementor-field  elementor-size-sm\" name=\"form_fields[message]\" id=\"form-field-message\" rows=\"4\" placeholder=\"Schreiben Sie Ihre Nachricht\"><\/textarea>\t\t\t\t<\/div>\n\t\t\t\t\t\t\t\t<div class=\"elementor-field-group elementor-column elementor-field-type-submit elementor-col-100 e-form__buttons\">\n\t\t\t\t\t<button class=\"elementor-button elementor-size-sm elementor-animation-grow\" type=\"submit\">\n\t\t\t\t\t\t<span class=\"elementor-button-content-wrapper\">\n\t\t\t\t\t\t\t\t\t\t\t\t\t\t\t\t\t\t\t\t\t\t<span class=\"elementor-button-text\">Senden<\/span>\n\t\t\t\t\t\t\t\t\t\t\t\t\t<\/span>\n\t\t\t\t\t<\/button>\n\t\t\t\t<\/div>\n\t\t\t<\/div>\n\t\t<\/form>\n\t\t\t\t\t\t<\/div>\n\t\t\t\t<\/div>\n\t\t\t\t<\/div>\n\t\t<div class=\"elementor-element elementor-element-189d7a5 e-con-full e-flex e-con e-child\" data-id=\"189d7a5\" data-element_type=\"container\" data-e-type=\"container\">\n\t\t\t\t<div class=\"elementor-element elementor-element-13f2f98 elementor-widget elementor-widget-text-editor\" data-id=\"13f2f98\" data-element_type=\"widget\" data-e-type=\"widget\" data-widget_type=\"text-editor.default\">\n\t\t\t\t<div class=\"elementor-widget-container\">\n\t\t\t\t\t\t\t\t\t<div class=\"row\"><div class=\"sidebar pt-4\"><div class=\"property-contact\"><div class=\"property-sidebar-heading\"><p class=\"text-4 text-color-dark\">\u00a0<\/p><\/div><div class=\"property-sidebar-body\"><div class=\"property-agent\"><div class=\"property-agent-photo pr-3 pr-md-4\"><picture><source srcset=\"https:\/\/ojk-costablanca.com\/de\/wp-content\/uploads\/2024\/09\/Oliver_J._Klaus.png\" type=\"image\/webp\" \/><img class=\"\" width=\"166\" height=\"190\" \/><\/picture><\/div><div class=\"property-agent-contact-info\"><div class=\"property-agent-name text-color-dark\">Oliver J. Klaus<\/div><div class=\"property-agent-phone\"><a class=\"text-color-dark\" href=\"tel:0034650946623\">+34 650 946 623<\/a><\/div><div><a class=\"text-color-dark\" href=\"tel:0034966044828\">+34 966 044 828<\/a><\/div><div class=\"property-agent-email\"><a class=\"text-color-dark\" href=\"mailto:oliver@ojk-costablanca.com\/de\">oliver@ojk-costablanca.com\/de<\/a><\/div><\/div><\/div><div class=\"property-sidebar-rectangle-buttons mt-5 mb-4\"><div class=\"row\"><div class=\"col-12\"><a class=\"btn btn-dark btn-icon-right justify-content-center\" href=\"https:\/\/wa.me\/+34650946623?text=Hola Oliver, tengo alguna duda y quisiera m\u00e1s informaci\u00f3n sobre un servicio\" target=\"_blank\" rel=\"nofollow noopener\" aria-label=\"Hablar por WhatsApp\">WhatsApp<\/a><\/div><\/div><\/div><\/div><\/div><\/div><\/div><div class=\"row\"><div class=\"col-12 col-xl-12 px-0 position-relative\"><div id=\"related-properties\" class=\"p-4 p-lg-5\">\u00a0<\/div><\/div><\/div>\t\t\t\t\t\t\t\t<\/div>\n\t\t\t\t<\/div>\n\t\t\t\t<\/div>\n\t\t\t\t\t<\/div>\n\t\t\t\t<\/div>\n\t\t\t\t<\/div>\n\t\t","protected":false},"excerpt":{"rendered":"<p>Hauswartungsdienste f\u00fcr Ihr Zuhause Ich bin Oliver J. Klaus und spezialisiert darauf, alle Dienstleistungen zu organisieren, die Ihr Zuhause ben\u00f6tigt. Von Reparaturen und Wartungsarbeiten bis hin zu individuellen Verbesserungen k\u00fcmmere ich mich um jedes Detail, um sicherzustellen, dass die Arbeiten mit h\u00f6chster Qualit\u00e4t und termingerecht ausgef\u00fchrt werden. Mein Ziel ist es, Ihnen eine unkomplizierte Erfahrung [&hellip;]<\/p>\n","protected":false},"author":1,"featured_media":0,"parent":0,"menu_order":0,"comment_status":"closed","ping_status":"closed","template":"","meta":{"footnotes":""},"class_list":["post-670","page","type-page","status-publish","hentry"],"_links":{"self":[{"href":"https:\/\/ojk-costablanca.com\/de\/wp-json\/wp\/v2\/pages\/670","targetHints":{"allow":["GET"]}}],"collection":[{"href":"https:\/\/ojk-costablanca.com\/de\/wp-json\/wp\/v2\/pages"}],"about":[{"href":"https:\/\/ojk-costablanca.com\/de\/wp-json\/wp\/v2\/types\/page"}],"author":[{"embeddable":true,"href":"https:\/\/ojk-costablanca.com\/de\/wp-json\/wp\/v2\/users\/1"}],"replies":[{"embeddable":true,"href":"https:\/\/ojk-costablanca.com\/de\/wp-json\/wp\/v2\/comments?post=670"}],"version-history":[{"count":50,"href":"https:\/\/ojk-costablanca.com\/de\/wp-json\/wp\/v2\/pages\/670\/revisions"}],"predecessor-version":[{"id":1331,"href":"https:\/\/ojk-costablanca.com\/de\/wp-json\/wp\/v2\/pages\/670\/revisions\/1331"}],"wp:attachment":[{"href":"https:\/\/ojk-costablanca.com\/de\/wp-json\/wp\/v2\/media?parent=670"}],"curies":[{"name":"wp","href":"https:\/\/api.w.org\/{rel}","templated":true}]}}