{"id":704,"date":"2024-09-21T07:57:47","date_gmt":"2024-09-21T07:57:47","guid":{"rendered":"https:\/\/ojk-costablanca.com\/de\/?page_id=704"},"modified":"2025-05-23T09:02:40","modified_gmt":"2025-05-23T09:02:40","slug":"immobiliendienstleistungen","status":"publish","type":"page","link":"https:\/\/ojk-costablanca.com\/de\/immobiliendienstleistungen\/","title":{"rendered":"IMMOBILIENDIENSTLEISTUNGEN"},"content":{"rendered":"\t\t<div data-elementor-type=\"wp-page\" data-elementor-id=\"704\" class=\"elementor elementor-704\" data-elementor-post-type=\"page\">\n\t\t\t\t<div class=\"elementor-element elementor-element-378e42e e-con-full e-flex e-con e-parent\" data-id=\"378e42e\" data-element_type=\"container\" data-e-type=\"container\" data-settings=\"{&quot;background_background&quot;:&quot;classic&quot;}\">\n\t\t\t\t<div class=\"elementor-element elementor-element-e8bccce elementor-widget elementor-widget-heading\" data-id=\"e8bccce\" data-element_type=\"widget\" data-e-type=\"widget\" data-widget_type=\"heading.default\">\n\t\t\t\t<div class=\"elementor-widget-container\">\n\t\t\t\t\t<h1 class=\"elementor-heading-title elementor-size-default\">Professionelle   <span style=\"color:gold\"> Immobilienberatung <\/span><\/h1>\t\t\t\t<\/div>\n\t\t\t\t<\/div>\n\t\t\t\t<\/div>\n\t\t<div class=\"elementor-element elementor-element-c526f86 e-flex e-con-boxed e-con e-parent\" data-id=\"c526f86\" data-element_type=\"container\" data-e-type=\"container\">\n\t\t\t\t\t<div class=\"e-con-inner\">\n\t\t\t\t<div class=\"elementor-element elementor-element-26b7e3d elementor-widget elementor-widget-text-editor\" data-id=\"26b7e3d\" data-element_type=\"widget\" data-e-type=\"widget\" data-widget_type=\"text-editor.default\">\n\t\t\t\t<div class=\"elementor-widget-container\">\n\t\t\t\t\t\t\t\t\t<p><strong>M\u00f6chten Sie eine Immobilie verkaufen, wissen aber noch nicht, welche Art von Immobilie Sie kaufen m\u00f6chten?<\/strong> Was w\u00e4re besser: ein Neubau, ein renovierungsbed\u00fcrftiges Haus oder eine bereits renovierte Immobilie? Kennen Sie die Gegend noch nicht? Wissen Sie nicht, welcher Ort oder welche Lage (<strong>Strand, Stadtzentrum oder Berge<\/strong>) ideal f\u00fcr Ihr Traumhaus ist?<\/p><p>Kein Problem! Ich bin hier, um Sie bei all diesen Fragen zu unterst\u00fctzen. Sobald wir diese Punkte gekl\u00e4rt haben, legen wir ein ungef\u00e4hres Budget fest, und ich mache mich an die Arbeit!<\/p><p>Bei mir erhalten Sie eine <strong>detaillierte, geduldige und umfassende Beratung<\/strong>. Sie m\u00fcssen sich nicht mit vielen verschiedenen Maklern herumschlagen, die Ihnen jeweils das \u201eperfekte\u201c Objekt anbieten m\u00f6chten. Ich bin Ihr vertrauensw\u00fcrdiger Ansprechpartner und pers\u00f6nlicher Immobilienberater. Ich \u00fcbernehme die Kommunikation mit Bautr\u00e4gern, Eigent\u00fcmern oder Immobilienb\u00fcros, falls diese das Gesuchte haben, und organisiere die Besichtigungen. Ich werde Ihnen nicht das verkaufen, was mir passt, sondern das finden, <strong>was Sie wirklich wollen!<\/strong><\/p>\t\t\t\t\t\t\t\t<\/div>\n\t\t\t\t<\/div>\n\t\t\t\t\t<\/div>\n\t\t\t\t<\/div>\n\t\t<div class=\"elementor-element elementor-element-6054673 e-flex e-con-boxed e-con e-parent\" data-id=\"6054673\" data-element_type=\"container\" data-e-type=\"container\">\n\t\t\t\t\t<div class=\"e-con-inner\">\n\t\t<div class=\"elementor-element elementor-element-11237ab e-con-full e-flex e-con e-child\" data-id=\"11237ab\" data-element_type=\"container\" data-e-type=\"container\">\n\t\t\t\t<div class=\"elementor-element elementor-element-dcfb3b2 elementor-widget elementor-widget-heading\" data-id=\"dcfb3b2\" data-element_type=\"widget\" data-e-type=\"widget\" data-widget_type=\"heading.default\">\n\t\t\t\t<div class=\"elementor-widget-container\">\n\t\t\t\t\t<h2 class=\"elementor-heading-title elementor-size-default\">Gebrauchte Immobilien<\/h2>\t\t\t\t<\/div>\n\t\t\t\t<\/div>\n\t\t\t\t<div class=\"elementor-element elementor-element-6c28330 elementor-widget elementor-widget-text-editor\" data-id=\"6c28330\" data-element_type=\"widget\" data-e-type=\"widget\" data-widget_type=\"text-editor.default\">\n\t\t\t\t<div class=\"elementor-widget-container\">\n\t\t\t\t\t\t\t\t\t<p>Sind Sie es leid, immer wieder dieselben Immobilien auf verschiedenen Websites zu sehen? Verstehen Sie nicht, warum dasselbe Haus von mehreren Maklern auf den Portalen angeboten wird?<\/p><p>Vertrauen Sie mir \u2013 <strong>ich finde die Immobilie, die Ihren Bed\u00fcrfnissen entspricht<\/strong>. Ich arbeite mit den f\u00fchrenden Immobilienb\u00fcros der Region zusammen und k\u00fcmmere mich darum, Ihnen verschiedene Immobilien in Ihrer Preisklasse zu pr\u00e4sentieren \u2013 unabh\u00e4ngig davon, ob ich die Exklusivrechte besitze oder eines meiner Partnerb\u00fcros.<\/p><p><strong>Sie m\u00fcssen nicht mit sieben Maklern sprechen, um vier H\u00e4user zu besichtigen<\/strong>. Sie m\u00fcssen sich keine Sorgen um Terminabsprachen, die Organisation von Besichtigungen oder die Planung der Route machen \u2013 das \u00fcbernehme ich f\u00fcr Sie.<\/p>\t\t\t\t\t\t\t\t<\/div>\n\t\t\t\t<\/div>\n\t\t\t\t<div class=\"elementor-element elementor-element-654113f elementor-widget elementor-widget-image\" data-id=\"654113f\" data-element_type=\"widget\" data-e-type=\"widget\" data-widget_type=\"image.default\">\n\t\t\t\t<div class=\"elementor-widget-container\">\n\t\t\t\t\t\t\t\t\t\t\t\t\t\t\t<img fetchpriority=\"high\" decoding=\"async\" width=\"500\" height=\"282\" src=\"https:\/\/ojk-costablanca.com\/de\/wp-content\/uploads\/sites\/5\/2024\/09\/inmuebles-de-segunda-mano.webp\" class=\"attachment-large size-large wp-image-719\" alt=\"inmuebles de segunda mano\" srcset=\"https:\/\/ojk-costablanca.com\/de\/wp-content\/uploads\/sites\/5\/2024\/09\/inmuebles-de-segunda-mano.webp 500w, https:\/\/ojk-costablanca.com\/de\/wp-content\/uploads\/sites\/5\/2024\/09\/inmuebles-de-segunda-mano-300x169.webp 300w\" sizes=\"(max-width: 500px) 100vw, 500px\" \/>\t\t\t\t\t\t\t\t\t\t\t\t\t\t\t<\/div>\n\t\t\t\t<\/div>\n\t\t\t\t<\/div>\n\t\t<div class=\"elementor-element elementor-element-990e39d e-con-full e-flex e-con e-child\" data-id=\"990e39d\" data-element_type=\"container\" data-e-type=\"container\">\n\t\t\t\t<div class=\"elementor-element elementor-element-bdd41f8 elementor-widget elementor-widget-heading\" data-id=\"bdd41f8\" data-element_type=\"widget\" data-e-type=\"widget\" data-widget_type=\"heading.default\">\n\t\t\t\t<div class=\"elementor-widget-container\">\n\t\t\t\t\t<h2 class=\"elementor-heading-title elementor-size-default\">Neubauten<\/h2>\t\t\t\t<\/div>\n\t\t\t\t<\/div>\n\t\t\t\t<div class=\"elementor-element elementor-element-3f525cc elementor-widget elementor-widget-text-editor\" data-id=\"3f525cc\" data-element_type=\"widget\" data-e-type=\"widget\" data-widget_type=\"text-editor.default\">\n\t\t\t\t<div class=\"elementor-widget-container\">\n\t\t\t\t\t\t\t\t\t<p>M\u00f6chten Sie eine Neubauimmobilie in einer Wohnsiedlung, eine Wohnung, ein Reihenhaus oder eine Villa kaufen oder Ihr eigenes Haus auf einem Grundst\u00fcck bauen?<\/p><p>Sobald wir das gew\u00fcnschte Gebiet, die Art der Immobilie und das Budget definiert haben, begleite ich Sie w\u00e4hrend des gesamten Prozesses. Von den Verhandlungen mit dem Bautr\u00e4ger \u00fcber die Bau\u00fcberwachung bis hin zur Schl\u00fcssel\u00fcbergabe \u2013 <strong>ich stehe Ihnen zur Seite, damit Sie Ihr Traumhaus erhalten<\/strong>.<\/p>\t\t\t\t\t\t\t\t<\/div>\n\t\t\t\t<\/div>\n\t\t\t\t<div class=\"elementor-element elementor-element-5b9ec28 elementor-widget elementor-widget-image\" data-id=\"5b9ec28\" data-element_type=\"widget\" data-e-type=\"widget\" data-widget_type=\"image.default\">\n\t\t\t\t<div class=\"elementor-widget-container\">\n\t\t\t\t\t\t\t\t\t\t\t\t\t\t\t<img decoding=\"async\" width=\"500\" height=\"334\" src=\"https:\/\/ojk-costablanca.com\/de\/wp-content\/uploads\/sites\/5\/2024\/09\/obra-nueva.webp\" class=\"attachment-large size-large wp-image-720\" alt=\"obra nueva\" srcset=\"https:\/\/ojk-costablanca.com\/de\/wp-content\/uploads\/sites\/5\/2024\/09\/obra-nueva.webp 500w, https:\/\/ojk-costablanca.com\/de\/wp-content\/uploads\/sites\/5\/2024\/09\/obra-nueva-300x200.webp 300w\" sizes=\"(max-width: 500px) 100vw, 500px\" \/>\t\t\t\t\t\t\t\t\t\t\t\t\t\t\t<\/div>\n\t\t\t\t<\/div>\n\t\t\t\t<\/div>\n\t\t\t\t\t<\/div>\n\t\t\t\t<\/div>\n\t\t<div class=\"elementor-element elementor-element-c880a23 e-flex e-con-boxed e-con e-parent\" data-id=\"c880a23\" data-element_type=\"container\" data-e-type=\"container\">\n\t\t\t\t\t<div class=\"e-con-inner\">\n\t\t<div class=\"elementor-element elementor-element-e4a3fcb e-con-full e-flex e-con e-child\" data-id=\"e4a3fcb\" data-element_type=\"container\" data-e-type=\"container\">\n\t\t\t\t<div class=\"elementor-element elementor-element-4272aff elementor-widget elementor-widget-heading\" data-id=\"4272aff\" data-element_type=\"widget\" data-e-type=\"widget\" data-widget_type=\"heading.default\">\n\t\t\t\t<div class=\"elementor-widget-container\">\n\t\t\t\t\t<h2 class=\"elementor-heading-title elementor-size-default\">Grundst\u00fccke f\u00fcr den Bau eines Eigenheims<\/h2>\t\t\t\t<\/div>\n\t\t\t\t<\/div>\n\t\t\t\t<div class=\"elementor-element elementor-element-3844602 elementor-widget elementor-widget-text-editor\" data-id=\"3844602\" data-element_type=\"widget\" data-e-type=\"widget\" data-widget_type=\"text-editor.default\">\n\t\t\t\t<div class=\"elementor-widget-container\">\n\t\t\t\t\t\t\t\t\t<p>Wenn Sie mit Ihrem Architekten arbeiten, einen Plan f\u00fcr Ihr Traumhaus haben oder selbst bauen m\u00f6chten,<strong> helfe ich<\/strong> Ihnen bei der Suche nach einem passenden Grundst\u00fcck und begleite Sie durch den Kaufprozess, damit alles reibungslos verl\u00e4uft.<\/p>\t\t\t\t\t\t\t\t<\/div>\n\t\t\t\t<\/div>\n\t\t\t\t<div class=\"elementor-element elementor-element-8931e3f elementor-widget elementor-widget-image\" data-id=\"8931e3f\" data-element_type=\"widget\" data-e-type=\"widget\" data-widget_type=\"image.default\">\n\t\t\t\t<div class=\"elementor-widget-container\">\n\t\t\t\t\t\t\t\t\t\t\t\t\t\t\t<img decoding=\"async\" width=\"500\" height=\"334\" src=\"https:\/\/ojk-costablanca.com\/de\/wp-content\/uploads\/sites\/5\/2024\/09\/terreno-casa-idependiente.webp\" class=\"attachment-large size-large wp-image-721\" alt=\"terreno casa idependiente\" srcset=\"https:\/\/ojk-costablanca.com\/de\/wp-content\/uploads\/sites\/5\/2024\/09\/terreno-casa-idependiente.webp 500w, https:\/\/ojk-costablanca.com\/de\/wp-content\/uploads\/sites\/5\/2024\/09\/terreno-casa-idependiente-300x200.webp 300w\" sizes=\"(max-width: 500px) 100vw, 500px\" \/>\t\t\t\t\t\t\t\t\t\t\t\t\t\t\t<\/div>\n\t\t\t\t<\/div>\n\t\t\t\t<\/div>\n\t\t<div class=\"elementor-element elementor-element-f15fa65 e-con-full e-flex e-con e-child\" data-id=\"f15fa65\" data-element_type=\"container\" data-e-type=\"container\">\n\t\t\t\t<div class=\"elementor-element elementor-element-8ea842c elementor-widget elementor-widget-heading\" data-id=\"8ea842c\" data-element_type=\"widget\" data-e-type=\"widget\" data-widget_type=\"heading.default\">\n\t\t\t\t<div class=\"elementor-widget-container\">\n\t\t\t\t\t<h2 class=\"elementor-heading-title elementor-size-default\">Grundst\u00fccke f\u00fcr Bauprojekte<\/h2>\t\t\t\t<\/div>\n\t\t\t\t<\/div>\n\t\t\t\t<div class=\"elementor-element elementor-element-92241ab elementor-widget elementor-widget-text-editor\" data-id=\"92241ab\" data-element_type=\"widget\" data-e-type=\"widget\" data-widget_type=\"text-editor.default\">\n\t\t\t\t<div class=\"elementor-widget-container\">\n\t\t\t\t\t\t\t\t\t<p>Als erfahrener Branchenexperte mit einem <strong>gro\u00dfen Netzwerk von Fachleuten<\/strong> \u2013 darunter Architekten, Ingenieure und Fachanw\u00e4lte f\u00fcr St\u00e4dtebau \u2013 unterst\u00fctze ich Sie bei der Suche nach einem <strong>Baugrundst\u00fcck<\/strong> f\u00fcr Ihre Urbanisation.<\/p>\t\t\t\t\t\t\t\t<\/div>\n\t\t\t\t<\/div>\n\t\t\t\t<div class=\"elementor-element elementor-element-2c57f98 elementor-widget elementor-widget-image\" data-id=\"2c57f98\" data-element_type=\"widget\" data-e-type=\"widget\" data-widget_type=\"image.default\">\n\t\t\t\t<div class=\"elementor-widget-container\">\n\t\t\t\t\t\t\t\t\t\t\t\t\t\t\t<img loading=\"lazy\" decoding=\"async\" width=\"500\" height=\"334\" src=\"https:\/\/ojk-costablanca.com\/de\/wp-content\/uploads\/sites\/5\/2024\/09\/terreno-edificable.webp\" class=\"attachment-large size-large wp-image-722\" alt=\"\" srcset=\"https:\/\/ojk-costablanca.com\/de\/wp-content\/uploads\/sites\/5\/2024\/09\/terreno-edificable.webp 500w, https:\/\/ojk-costablanca.com\/de\/wp-content\/uploads\/sites\/5\/2024\/09\/terreno-edificable-300x200.webp 300w\" sizes=\"(max-width: 500px) 100vw, 500px\" \/>\t\t\t\t\t\t\t\t\t\t\t\t\t\t\t<\/div>\n\t\t\t\t<\/div>\n\t\t\t\t<\/div>\n\t\t\t\t\t<\/div>\n\t\t\t\t<\/div>\n\t\t<div class=\"elementor-element elementor-element-77412b0 e-flex e-con-boxed e-con e-parent\" data-id=\"77412b0\" data-element_type=\"container\" data-e-type=\"container\">\n\t\t\t\t\t<div class=\"e-con-inner\">\n\t\t<div class=\"elementor-element elementor-element-f96db8a e-con-full e-flex e-con e-child\" data-id=\"f96db8a\" data-element_type=\"container\" data-e-type=\"container\">\n\t\t\t\t<div class=\"elementor-element elementor-element-877e5cb elementor-widget elementor-widget-heading\" data-id=\"877e5cb\" data-element_type=\"widget\" data-e-type=\"widget\" data-widget_type=\"heading.default\">\n\t\t\t\t<div class=\"elementor-widget-container\">\n\t\t\t\t\t<h2 class=\"elementor-heading-title elementor-size-default\">Touristische und langfristige Vermietung<\/h2>\t\t\t\t<\/div>\n\t\t\t\t<\/div>\n\t\t\t\t<div class=\"elementor-element elementor-element-a7cdd18 elementor-widget elementor-widget-text-editor\" data-id=\"a7cdd18\" data-element_type=\"widget\" data-e-type=\"widget\" data-widget_type=\"text-editor.default\">\n\t\t\t\t<div class=\"elementor-widget-container\">\n\t\t\t\t\t\t\t\t\t<p>Wenn Sie eine oder mehrere Immobilien besitzen und Unterst\u00fctzung bei der Rentabilit\u00e4tssteigerung ben\u00f6tigen, helfen wir Ihnen bei der Vermarktung Ihrer Immobilie. Wir k\u00fcmmern uns um alle Formalit\u00e4ten und den gesamten Prozess, von der Reservierung bis zur Endreinigung Ihrer Immobilie.<\/p>\t\t\t\t\t\t\t\t<\/div>\n\t\t\t\t<\/div>\n\t\t\t\t<div class=\"elementor-element elementor-element-bd8a3c2 elementor-widget elementor-widget-image\" data-id=\"bd8a3c2\" data-element_type=\"widget\" data-e-type=\"widget\" data-widget_type=\"image.default\">\n\t\t\t\t<div class=\"elementor-widget-container\">\n\t\t\t\t\t\t\t\t\t\t\t\t\t\t\t<img loading=\"lazy\" decoding=\"async\" width=\"800\" height=\"534\" src=\"https:\/\/ojk-costablanca.com\/de\/wp-content\/uploads\/sites\/5\/2024\/09\/alquiler-turistico-1024x683.webp\" class=\"attachment-large size-large wp-image-718\" alt=\"\" srcset=\"https:\/\/ojk-costablanca.com\/de\/wp-content\/uploads\/sites\/5\/2024\/09\/alquiler-turistico-1024x683.webp 1024w, https:\/\/ojk-costablanca.com\/de\/wp-content\/uploads\/sites\/5\/2024\/09\/alquiler-turistico-300x200.webp 300w, https:\/\/ojk-costablanca.com\/de\/wp-content\/uploads\/sites\/5\/2024\/09\/alquiler-turistico-768x512.webp 768w, https:\/\/ojk-costablanca.com\/de\/wp-content\/uploads\/sites\/5\/2024\/09\/alquiler-turistico.webp 1500w\" sizes=\"(max-width: 800px) 100vw, 800px\" \/>\t\t\t\t\t\t\t\t\t\t\t\t\t\t\t<\/div>\n\t\t\t\t<\/div>\n\t\t\t\t<\/div>\n\t\t<div class=\"elementor-element elementor-element-9599053 e-con-full e-flex e-con e-child\" data-id=\"9599053\" data-element_type=\"container\" data-e-type=\"container\">\n\t\t\t\t<div class=\"elementor-element elementor-element-5d1bbfb elementor-widget elementor-widget-heading\" data-id=\"5d1bbfb\" data-element_type=\"widget\" data-e-type=\"widget\" data-widget_type=\"heading.default\">\n\t\t\t\t<div class=\"elementor-widget-container\">\n\t\t\t\t\t<h2 class=\"elementor-heading-title elementor-size-default\">Finanzierungsberatung<\/h2>\t\t\t\t<\/div>\n\t\t\t\t<\/div>\n\t\t\t\t<div class=\"elementor-element elementor-element-9d762ea elementor-widget elementor-widget-text-editor\" data-id=\"9d762ea\" data-element_type=\"widget\" data-e-type=\"widget\" data-widget_type=\"text-editor.default\">\n\t\t\t\t<div class=\"elementor-widget-container\">\n\t\t\t\t\t\t\t\t\t<p>Dank meiner guten Kontakte zu verschiedenen Banken sind Sie immer \u00fcber die neuesten Angebote informiert. Ich berate Sie im gesamten Prozess der Beantragung einer Hypothek f\u00fcr Ihre Immobilie.<\/p>\t\t\t\t\t\t\t\t<\/div>\n\t\t\t\t<\/div>\n\t\t\t\t<div class=\"elementor-element elementor-element-cbe0881 elementor-widget elementor-widget-image\" data-id=\"cbe0881\" data-element_type=\"widget\" data-e-type=\"widget\" data-widget_type=\"image.default\">\n\t\t\t\t<div class=\"elementor-widget-container\">\n\t\t\t\t\t\t\t\t\t\t\t\t\t\t\t<img loading=\"lazy\" decoding=\"async\" width=\"800\" height=\"450\" src=\"https:\/\/ojk-costablanca.com\/de\/wp-content\/uploads\/sites\/5\/2024\/09\/asesoramiento-financiacion.avif\" class=\"attachment-large size-large wp-image-885\" alt=\"asesoramiento financiaci\u00f3n\" srcset=\"https:\/\/ojk-costablanca.com\/de\/wp-content\/uploads\/sites\/5\/2024\/09\/asesoramiento-financiacion.avif 1000w, https:\/\/ojk-costablanca.com\/de\/wp-content\/uploads\/sites\/5\/2024\/09\/asesoramiento-financiacion-300x169.avif 300w, https:\/\/ojk-costablanca.com\/de\/wp-content\/uploads\/sites\/5\/2024\/09\/asesoramiento-financiacion-768x432.avif 768w\" sizes=\"(max-width: 800px) 100vw, 800px\" \/>\t\t\t\t\t\t\t\t\t\t\t\t\t\t\t<\/div>\n\t\t\t\t<\/div>\n\t\t\t\t<\/div>\n\t\t\t\t\t<\/div>\n\t\t\t\t<\/div>\n\t\t<div class=\"elementor-element elementor-element-ab347c5 e-flex e-con-boxed e-con e-parent\" data-id=\"ab347c5\" data-element_type=\"container\" data-e-type=\"container\">\n\t\t\t\t\t<div class=\"e-con-inner\">\n\t\t\t\t\t<\/div>\n\t\t\t\t<\/div>\n\t\t<div class=\"elementor-element elementor-element-1344483 e-flex e-con-boxed e-con e-parent\" data-id=\"1344483\" data-element_type=\"container\" data-e-type=\"container\">\n\t\t\t\t\t<div class=\"e-con-inner\">\n\t\t<div class=\"elementor-element elementor-element-40a6a9a e-con-full e-flex e-con e-child\" data-id=\"40a6a9a\" data-element_type=\"container\" data-e-type=\"container\">\n\t\t\t\t<div class=\"elementor-element elementor-element-2d5598f elementor-widget elementor-widget-heading\" data-id=\"2d5598f\" data-element_type=\"widget\" data-e-type=\"widget\" data-widget_type=\"heading.default\">\n\t\t\t\t<div class=\"elementor-widget-container\">\n\t\t\t\t\t<h2 class=\"elementor-heading-title elementor-size-default\">Ben\u00f6tigen Sie Immobilien-Dienstleistungen?<\/h2>\t\t\t\t<\/div>\n\t\t\t\t<\/div>\n\t\t\t\t<div class=\"elementor-element elementor-element-6bb2320 elementor-button-align-stretch elementor-widget elementor-widget-form\" data-id=\"6bb2320\" data-element_type=\"widget\" data-e-type=\"widget\" data-settings=\"{&quot;step_next_label&quot;:&quot;Next&quot;,&quot;step_previous_label&quot;:&quot;Previous&quot;,&quot;button_width&quot;:&quot;100&quot;,&quot;step_type&quot;:&quot;number_text&quot;,&quot;step_icon_shape&quot;:&quot;circle&quot;}\" data-widget_type=\"form.default\">\n\t\t\t\t<div class=\"elementor-widget-container\">\n\t\t\t\t\t\t\t<form class=\"elementor-form\" method=\"post\" >\n\t\t\t<input type=\"hidden\" name=\"post_id\" value=\"704\"\/>\n\t\t\t<input type=\"hidden\" name=\"form_id\" value=\"6bb2320\"\/>\n\t\t\t<input type=\"hidden\" name=\"referer_title\" value=\"IMMOBILIENDIENSTLEISTUNGEN - Ojk-Costablanca Deutsch\" \/>\n\n\t\t\t\t\t\t\t<input type=\"hidden\" name=\"queried_id\" value=\"704\"\/>\n\t\t\t\n\t\t\t<div class=\"elementor-form-fields-wrapper elementor-labels-above\">\n\t\t\t\t\t\t\t\t<div class=\"elementor-field-type-text elementor-field-group elementor-column elementor-field-group-name elementor-col-100 elementor-field-required\">\n\t\t\t\t\t\t\t\t\t\t\t\t\t<input size=\"1\" type=\"text\" name=\"form_fields[name]\" id=\"form-field-name\" class=\"elementor-field elementor-size-sm  elementor-field-textual\" placeholder=\"Name\" required=\"required\">\n\t\t\t\t\t\t\t\t\t\t\t<\/div>\n\t\t\t\t\t\t\t\t<div class=\"elementor-field-type-tel elementor-field-group elementor-column elementor-field-group-field_fab20f1 elementor-col-100\">\n\t\t\t\t\t\t\t<input size=\"1\" type=\"tel\" name=\"form_fields[field_fab20f1]\" id=\"form-field-field_fab20f1\" class=\"elementor-field elementor-size-sm  elementor-field-textual\" placeholder=\"Telefon\" pattern=\"[0-9()#&amp;+*-=.]+\" title=\"Only numbers and phone characters (#, -, *, etc) are accepted.\">\n\n\t\t\t\t\t\t<\/div>\n\t\t\t\t\t\t\t\t<div class=\"elementor-field-type-email elementor-field-group elementor-column elementor-field-group-field_dc8f78a elementor-col-100 elementor-field-required\">\n\t\t\t\t\t\t\t\t\t\t\t\t\t<input size=\"1\" type=\"email\" name=\"form_fields[field_dc8f78a]\" id=\"form-field-field_dc8f78a\" class=\"elementor-field elementor-size-sm  elementor-field-textual\" placeholder=\"E-Mail\" required=\"required\">\n\t\t\t\t\t\t\t\t\t\t\t<\/div>\n\t\t\t\t\t\t\t\t<div class=\"elementor-field-type-textarea elementor-field-group elementor-column elementor-field-group-message elementor-col-100\">\n\t\t\t\t\t<textarea class=\"elementor-field-textual elementor-field  elementor-size-sm\" name=\"form_fields[message]\" id=\"form-field-message\" rows=\"4\" placeholder=\"Schreiben Sie Ihre Nachricht\"><\/textarea>\t\t\t\t<\/div>\n\t\t\t\t\t\t\t\t<div class=\"elementor-field-group elementor-column elementor-field-type-submit elementor-col-100 e-form__buttons\">\n\t\t\t\t\t<button class=\"elementor-button elementor-size-sm elementor-animation-grow\" type=\"submit\">\n\t\t\t\t\t\t<span class=\"elementor-button-content-wrapper\">\n\t\t\t\t\t\t\t\t\t\t\t\t\t\t\t\t\t\t\t\t\t\t<span class=\"elementor-button-text\">Senden<\/span>\n\t\t\t\t\t\t\t\t\t\t\t\t\t<\/span>\n\t\t\t\t\t<\/button>\n\t\t\t\t<\/div>\n\t\t\t<\/div>\n\t\t<\/form>\n\t\t\t\t\t\t<\/div>\n\t\t\t\t<\/div>\n\t\t\t\t<\/div>\n\t\t<div class=\"elementor-element elementor-element-265a4cc e-con-full e-flex e-con e-child\" data-id=\"265a4cc\" data-element_type=\"container\" data-e-type=\"container\">\n\t\t\t\t<div class=\"elementor-element elementor-element-ed876d4 elementor-widget elementor-widget-text-editor\" data-id=\"ed876d4\" data-element_type=\"widget\" data-e-type=\"widget\" data-widget_type=\"text-editor.default\">\n\t\t\t\t<div class=\"elementor-widget-container\">\n\t\t\t\t\t\t\t\t\t<div class=\"row\"><div class=\"sidebar pt-4\"><div class=\"property-contact\"><div class=\"property-sidebar-heading\"><p class=\"text-4 text-color-dark\">\u00a0<\/p><\/div><div class=\"property-sidebar-body\"><div class=\"property-agent\"><div class=\"property-agent-photo pr-3 pr-md-4\"><picture><source srcset=\"https:\/\/ojk-costablanca.com\/de\/wp-content\/uploads\/2024\/09\/Oliver_J._Klaus.png\" type=\"image\/webp\" \/><img loading=\"lazy\" class=\"\" width=\"166\" height=\"190\" \/><\/picture><\/div><div class=\"property-agent-contact-info\"><div class=\"property-agent-name text-color-dark\">Oliver J. Klaus<\/div><div class=\"property-agent-phone\"><a class=\"text-color-dark\" href=\"tel:0034650946623\">+34 650 946 623<\/a><\/div><div><a class=\"text-color-dark\" href=\"tel:0034966044828\">+34 966 044 828<\/a><\/div><div class=\"property-agent-email\"><a class=\"text-color-dark\" href=\"mailto:oliver@ojk-costablanca.com\/de\">oliver@ojk-costablanca.com\/de<\/a><\/div><\/div><\/div><div class=\"property-sidebar-rectangle-buttons mt-5 mb-4\"><div class=\"row\"><div class=\"col-12\"><a class=\"btn btn-dark btn-icon-right justify-content-center\" href=\"https:\/\/wa.me\/+34650946623?text=Hola Oliver, tengo alguna duda y quisiera m\u00e1s informaci\u00f3n sobre un servicio\" target=\"_blank\" rel=\"nofollow noopener\" aria-label=\"Hablar por WhatsApp\">WhatsApp<\/a><\/div><\/div><\/div><\/div><\/div><\/div><\/div><div class=\"row\"><div class=\"col-12 col-xl-12 px-0 position-relative\"><div id=\"related-properties\" class=\"p-4 p-lg-5\">\u00a0<\/div><\/div><\/div>\t\t\t\t\t\t\t\t<\/div>\n\t\t\t\t<\/div>\n\t\t\t\t<\/div>\n\t\t\t\t\t<\/div>\n\t\t\t\t<\/div>\n\t\t\t\t<\/div>\n\t\t","protected":false},"excerpt":{"rendered":"<p>Professionelle Immobilienberatung M\u00f6chten Sie eine Immobilie verkaufen, wissen aber noch nicht, welche Art von Immobilie Sie kaufen m\u00f6chten? Was w\u00e4re besser: ein Neubau, ein renovierungsbed\u00fcrftiges Haus oder eine bereits renovierte Immobilie? Kennen Sie die Gegend noch nicht? Wissen Sie nicht, welcher Ort oder welche Lage (Strand, Stadtzentrum oder Berge) ideal f\u00fcr Ihr Traumhaus ist? Kein [&hellip;]<\/p>\n","protected":false},"author":1,"featured_media":0,"parent":0,"menu_order":0,"comment_status":"closed","ping_status":"closed","template":"","meta":{"footnotes":""},"class_list":["post-704","page","type-page","status-publish","hentry"],"_links":{"self":[{"href":"https:\/\/ojk-costablanca.com\/de\/wp-json\/wp\/v2\/pages\/704","targetHints":{"allow":["GET"]}}],"collection":[{"href":"https:\/\/ojk-costablanca.com\/de\/wp-json\/wp\/v2\/pages"}],"about":[{"href":"https:\/\/ojk-costablanca.com\/de\/wp-json\/wp\/v2\/types\/page"}],"author":[{"embeddable":true,"href":"https:\/\/ojk-costablanca.com\/de\/wp-json\/wp\/v2\/users\/1"}],"replies":[{"embeddable":true,"href":"https:\/\/ojk-costablanca.com\/de\/wp-json\/wp\/v2\/comments?post=704"}],"version-history":[{"count":32,"href":"https:\/\/ojk-costablanca.com\/de\/wp-json\/wp\/v2\/pages\/704\/revisions"}],"predecessor-version":[{"id":1317,"href":"https:\/\/ojk-costablanca.com\/de\/wp-json\/wp\/v2\/pages\/704\/revisions\/1317"}],"wp:attachment":[{"href":"https:\/\/ojk-costablanca.com\/de\/wp-json\/wp\/v2\/media?parent=704"}],"curies":[{"name":"wp","href":"https:\/\/api.w.org\/{rel}","templated":true}]}}